{"id":76,"date":"2025-10-15T23:10:01","date_gmt":"2025-10-15T21:10:01","guid":{"rendered":"https:\/\/sokolparktech.pl\/index.php\/koszyk\/"},"modified":"2025-11-09T22:42:11","modified_gmt":"2025-11-09T20:42:11","slug":"koszyk","status":"publish","type":"page","link":"https:\/\/sokolparktech.pl\/index.php\/koszyk\/","title":{"rendered":"Koszyk"},"content":{"rendered":"\n<div data-block-name=\"woocommerce\/cart\" class=\"wp-block-woocommerce-cart alignwide is-loading\">\n<div data-block-name=\"woocommerce\/filled-cart-block\" class=\"wp-block-woocommerce-filled-cart-block\">\n<div data-block-name=\"woocommerce\/cart-items-block\" class=\"wp-block-woocommerce-cart-items-block\">\n<div data-block-name=\"woocommerce\/cart-line-items-block\" class=\"wp-block-woocommerce-cart-line-items-block\"><\/div>\n\n\n<\/div>\n\n\n\n\n<div data-block-name=\"woocommerce\/cart-totals-block\" class=\"wp-block-woocommerce-cart-totals-block\">\n<div data-block-name=\"woocommerce\/cart-order-summary-block\" class=\"wp-block-woocommerce-cart-order-summary-block\">\n<div data-block-name=\"woocommerce\/cart-order-summary-heading-block\" class=\"wp-block-woocommerce-cart-order-summary-heading-block\"><\/div><div data-block-name=\"woocommerce\/cart-order-summary-coupon-form-block\" class=\"wp-block-woocommerce-cart-order-summary-coupon-form-block\"><\/div><div data-block-name=\"woocommerce\/cart-order-summary-totals-block\" class=\"wp-block-woocommerce-cart-order-summary-totals-block\">\n<div data-block-name=\"woocommerce\/cart-order-summary-subtotal-block\" class=\"wp-block-woocommerce-cart-order-summary-subtotal-block\"><\/div>\n<div data-block-name=\"woocommerce\/cart-order-summary-discount-block\" class=\"wp-block-woocommerce-cart-order-summary-discount-block\"><\/div>\n<div data-block-name=\"woocommerce\/cart-order-summary-fee-block\" class=\"wp-block-woocommerce-cart-order-summary-fee-block\"><\/div>\n<div data-block-name=\"woocommerce\/cart-order-summary-shipping-block\" class=\"wp-block-woocommerce-cart-order-summary-shipping-block\"><\/div>\n<div data-block-name=\"woocommerce\/cart-order-summary-taxes-block\" class=\"wp-block-woocommerce-cart-order-summary-taxes-block\"><\/div><\/div>\n<\/div>\n\n\n\n<div data-block-name=\"woocommerce\/cart-express-payment-block\" class=\"wp-block-woocommerce-cart-express-payment-block\"><\/div>\n\n\n\n<div data-block-name=\"woocommerce\/proceed-to-checkout-block\" class=\"wp-block-woocommerce-proceed-to-checkout-block\"><\/div>\n\n\n\n<div data-block-name=\"woocommerce\/cart-accepted-payment-methods-block\" class=\"wp-block-woocommerce-cart-accepted-payment-methods-block\"><\/div>\n<\/div>\n<\/div>\n\n\n\n<div data-block-name=\"woocommerce\/empty-cart-block\" class=\"wp-block-woocommerce-empty-cart-block\">\n<h2 class=\"wp-block-heading has-text-align-center with-empty-cart-icon wc-block-cart__empty-cart__title\">Tw\u00f3j koszyk jest obecnie pusty!<\/h2>\n\n\n\n<hr class=\"wp-block-separator has-alpha-channel-opacity is-style-dots\"\/>\n\n\n\n<h2 class=\"wp-block-heading has-text-align-center\">Nowe w sklepie<\/h2>\n\n\n<div data-block-name=\"woocommerce\/product-new\" data-columns=\"4\" data-rows=\"1\" class=\"wc-block-grid wp-block-product-new wp-block-woocommerce-product-new wc-block-product-new has-4-columns\"><ul class=\"wc-block-grid__products\"><li class=\"wc-block-grid__product\">\n\t\t\t\t<a href=\"https:\/\/sokolparktech.pl\/index.php\/produkt\/odbojnica-grafitowa-biale-odblaski-o-761-mm-kopia\/\" class=\"wc-block-grid__product-link\">\n\t\t\t\t\t\n\t\t\t\t\t<div class=\"wc-block-grid__product-image\"><img fetchpriority=\"high\" decoding=\"async\" width=\"300\" height=\"300\" src=\"https:\/\/sokolparktech.pl\/wp-content\/uploads\/2026\/02\/ODBszarobialafi76mm-300x300.png\" class=\"attachment-woocommerce_thumbnail size-woocommerce_thumbnail\" alt=\"Odbojnica grafitowa + bia\u0142e odblaski \u00d8 76,1 mm\" srcset=\"https:\/\/sokolparktech.pl\/wp-content\/uploads\/2026\/02\/ODBszarobialafi76mm-300x300.png 300w, https:\/\/sokolparktech.pl\/wp-content\/uploads\/2026\/02\/ODBszarobialafi76mm-150x150.png 150w, https:\/\/sokolparktech.pl\/wp-content\/uploads\/2026\/02\/ODBszarobialafi76mm-100x100.png 100w\" sizes=\"(max-width: 300px) 100vw, 300px\" \/><\/div>\n\t\t\t\t\t<div class=\"wc-block-grid__product-title\">Odbojnica grafitowa + bia\u0142e odblaski \u00d8 76,1 mm<\/div>\n\t\t\t\t<\/a>\n\t\t\t\t<div class=\"wc-block-grid__product-price price\"><span class=\"woocommerce-Price-amount amount\">620,00&nbsp;<span class=\"woocommerce-Price-currencySymbol\">&#122;&#322;<\/span><\/span> <small class=\"woocommerce-price-suffix\">netto<\/small><\/div>\n\t\t\t\t\n\t\t\t\t<div class=\"wp-block-button wc-block-grid__product-add-to-cart\"><a href=\"\/index.php\/wp-json\/wp\/v2\/pages\/76?add-to-cart=1984\" aria-label=\"Dodaj do koszyka: &bdquo;Odbojnica grafitowa + bia\u0142e odblaski \u00d8 76,1 mm&rdquo;\" data-quantity=\"1\" data-product_id=\"1984\" data-product_sku=\"\" data-price=\"620\" rel=\"nofollow\" class=\"wp-block-button__link  add_to_cart_button ajax_add_to_cart\">Dodaj do koszyka<\/a><\/div>\n\t\t\t<\/li><li class=\"wc-block-grid__product\">\n\t\t\t\t<a href=\"https:\/\/sokolparktech.pl\/index.php\/produkt\/odbojnica-czarna-biale-odblaski-o761-mm\/\" class=\"wc-block-grid__product-link\">\n\t\t\t\t\t\n\t\t\t\t\t<div class=\"wc-block-grid__product-image\"><img decoding=\"async\" width=\"300\" height=\"300\" src=\"https:\/\/sokolparktech.pl\/wp-content\/uploads\/2026\/02\/ODBCZARbialafi76mm-300x300.png\" class=\"attachment-woocommerce_thumbnail size-woocommerce_thumbnail\" alt=\"Odbojnica czarna + bia\u0142e odblaski  \u00d876,1 mm\" srcset=\"https:\/\/sokolparktech.pl\/wp-content\/uploads\/2026\/02\/ODBCZARbialafi76mm-300x300.png 300w, https:\/\/sokolparktech.pl\/wp-content\/uploads\/2026\/02\/ODBCZARbialafi76mm-150x150.png 150w, https:\/\/sokolparktech.pl\/wp-content\/uploads\/2026\/02\/ODBCZARbialafi76mm-100x100.png 100w\" sizes=\"(max-width: 300px) 100vw, 300px\" \/><\/div>\n\t\t\t\t\t<div class=\"wc-block-grid__product-title\">Odbojnica czarna + bia\u0142e odblaski  \u00d876,1 mm<\/div>\n\t\t\t\t<\/a>\n\t\t\t\t<div class=\"wc-block-grid__product-price price\"><span class=\"woocommerce-Price-amount amount\">620,00&nbsp;<span class=\"woocommerce-Price-currencySymbol\">&#122;&#322;<\/span><\/span> <small class=\"woocommerce-price-suffix\">netto<\/small><\/div>\n\t\t\t\t\n\t\t\t\t<div class=\"wp-block-button wc-block-grid__product-add-to-cart\"><a href=\"\/index.php\/wp-json\/wp\/v2\/pages\/76?add-to-cart=1981\" aria-label=\"Dodaj do koszyka: &bdquo;Odbojnica czarna + bia\u0142e odblaski  \u00d876,1 mm&rdquo;\" data-quantity=\"1\" data-product_id=\"1981\" data-product_sku=\"\" data-price=\"620\" rel=\"nofollow\" class=\"wp-block-button__link  add_to_cart_button ajax_add_to_cart\">Dodaj do koszyka<\/a><\/div>\n\t\t\t<\/li><li class=\"wc-block-grid__product\">\n\t\t\t\t<a href=\"https:\/\/sokolparktech.pl\/index.php\/produkt\/odbojnica-czarna-zolte-odblaski-o761-mm\/\" class=\"wc-block-grid__product-link\">\n\t\t\t\t\t\n\t\t\t\t\t<div class=\"wc-block-grid__product-image\"><img decoding=\"async\" width=\"300\" height=\"300\" src=\"https:\/\/sokolparktech.pl\/wp-content\/uploads\/2026\/02\/ODBCZARZOLfi76mm-300x300.png\" class=\"attachment-woocommerce_thumbnail size-woocommerce_thumbnail\" alt=\"Odbojnica czarna + \u017c\u00f3\u0142te odblaski  \u00d876,1 mm\" srcset=\"https:\/\/sokolparktech.pl\/wp-content\/uploads\/2026\/02\/ODBCZARZOLfi76mm-300x300.png 300w, https:\/\/sokolparktech.pl\/wp-content\/uploads\/2026\/02\/ODBCZARZOLfi76mm-150x150.png 150w, https:\/\/sokolparktech.pl\/wp-content\/uploads\/2026\/02\/ODBCZARZOLfi76mm-100x100.png 100w\" sizes=\"(max-width: 300px) 100vw, 300px\" \/><\/div>\n\t\t\t\t\t<div class=\"wc-block-grid__product-title\">Odbojnica czarna + \u017c\u00f3\u0142te odblaski  \u00d876,1 mm<\/div>\n\t\t\t\t<\/a>\n\t\t\t\t<div class=\"wc-block-grid__product-price price\"><span class=\"woocommerce-Price-amount amount\">620,00&nbsp;<span class=\"woocommerce-Price-currencySymbol\">&#122;&#322;<\/span><\/span> <small class=\"woocommerce-price-suffix\">netto<\/small><\/div>\n\t\t\t\t\n\t\t\t\t<div class=\"wp-block-button wc-block-grid__product-add-to-cart\"><a href=\"\/index.php\/wp-json\/wp\/v2\/pages\/76?add-to-cart=1979\" aria-label=\"Dodaj do koszyka: &bdquo;Odbojnica czarna + \u017c\u00f3\u0142te odblaski  \u00d876,1 mm&rdquo;\" data-quantity=\"1\" data-product_id=\"1979\" data-product_sku=\"\" data-price=\"620\" rel=\"nofollow\" class=\"wp-block-button__link  add_to_cart_button ajax_add_to_cart\">Dodaj do koszyka<\/a><\/div>\n\t\t\t<\/li><li class=\"wc-block-grid__product\">\n\t\t\t\t<a href=\"https:\/\/sokolparktech.pl\/index.php\/produkt\/odbojnica-zolta-czarne-odblaski-o761-mm\/\" class=\"wc-block-grid__product-link\">\n\t\t\t\t\t\n\t\t\t\t\t<div class=\"wc-block-grid__product-image\"><img loading=\"lazy\" decoding=\"async\" width=\"300\" height=\"300\" src=\"https:\/\/sokolparktech.pl\/wp-content\/uploads\/2026\/02\/ODBZOLCZARfi76mm-300x300.png\" class=\"attachment-woocommerce_thumbnail size-woocommerce_thumbnail\" alt=\"Odbojnica \u017c\u00f3\u0142ta+ czarne odblaski  \u00d876,1 mm\" srcset=\"https:\/\/sokolparktech.pl\/wp-content\/uploads\/2026\/02\/ODBZOLCZARfi76mm-300x300.png 300w, https:\/\/sokolparktech.pl\/wp-content\/uploads\/2026\/02\/ODBZOLCZARfi76mm-150x150.png 150w, https:\/\/sokolparktech.pl\/wp-content\/uploads\/2026\/02\/ODBZOLCZARfi76mm-100x100.png 100w\" sizes=\"(max-width: 300px) 100vw, 300px\" \/><\/div>\n\t\t\t\t\t<div class=\"wc-block-grid__product-title\">Odbojnica \u017c\u00f3\u0142ta+ czarne odblaski  \u00d876,1 mm<\/div>\n\t\t\t\t<\/a>\n\t\t\t\t<div class=\"wc-block-grid__product-price price\"><span class=\"woocommerce-Price-amount amount\">620,00&nbsp;<span class=\"woocommerce-Price-currencySymbol\">&#122;&#322;<\/span><\/span> <small class=\"woocommerce-price-suffix\">netto<\/small><\/div>\n\t\t\t\t\n\t\t\t\t<div class=\"wp-block-button wc-block-grid__product-add-to-cart\"><a href=\"\/index.php\/wp-json\/wp\/v2\/pages\/76?add-to-cart=1977\" aria-label=\"Dodaj do koszyka: &bdquo;Odbojnica \u017c\u00f3\u0142ta+ czarne odblaski  \u00d876,1 mm&rdquo;\" data-quantity=\"1\" data-product_id=\"1977\" data-product_sku=\"\" data-price=\"620\" rel=\"nofollow\" class=\"wp-block-button__link  add_to_cart_button ajax_add_to_cart\">Dodaj do koszyka<\/a><\/div>\n\t\t\t<\/li><\/ul><\/div><\/div>\n<\/div>\n","protected":false},"excerpt":{"rendered":"","protected":false},"author":1,"featured_media":0,"parent":0,"menu_order":0,"comment_status":"closed","ping_status":"closed","template":"","meta":{"footnotes":""},"class_list":["post-76","page","type-page","status-publish","hentry"],"_links":{"self":[{"href":"https:\/\/sokolparktech.pl\/index.php\/wp-json\/wp\/v2\/pages\/76","targetHints":{"allow":["GET"]}}],"collection":[{"href":"https:\/\/sokolparktech.pl\/index.php\/wp-json\/wp\/v2\/pages"}],"about":[{"href":"https:\/\/sokolparktech.pl\/index.php\/wp-json\/wp\/v2\/types\/page"}],"author":[{"embeddable":true,"href":"https:\/\/sokolparktech.pl\/index.php\/wp-json\/wp\/v2\/users\/1"}],"replies":[{"embeddable":true,"href":"https:\/\/sokolparktech.pl\/index.php\/wp-json\/wp\/v2\/comments?post=76"}],"version-history":[{"count":1,"href":"https:\/\/sokolparktech.pl\/index.php\/wp-json\/wp\/v2\/pages\/76\/revisions"}],"predecessor-version":[{"id":321,"href":"https:\/\/sokolparktech.pl\/index.php\/wp-json\/wp\/v2\/pages\/76\/revisions\/321"}],"wp:attachment":[{"href":"https:\/\/sokolparktech.pl\/index.php\/wp-json\/wp\/v2\/media?parent=76"}],"curies":[{"name":"wp","href":"https:\/\/api.w.org\/{rel}","templated":true}]}}