{"id":79,"date":"2026-01-22T17:12:27","date_gmt":"2026-01-22T15:12:27","guid":{"rendered":"https:\/\/sokolparktech.pl\/?page_id=79"},"modified":"2026-01-22T17:16:45","modified_gmt":"2026-01-22T15:16:45","slug":"zwroty","status":"publish","type":"page","link":"https:\/\/sokolparktech.pl\/index.php\/zwroty\/","title":{"rendered":"Polityka zwrot\u00f3w i reklamacji"},"content":{"rendered":"\n<p class=\"has-small-font-size\"><\/p>\n\n\n\n<h2 class=\"wp-block-heading has-small-font-size\">\u00a71. Informacje og\u00f3lne <\/h2>\n\n\n\n<p class=\"has-small-font-size\"><strong>Sklep internetowy: sokolparktech.pl<\/strong><\/p>\n\n\n\n<ol class=\"wp-block-list\">\n<li class=\"has-small-font-size\">Niniejsza polityka okre\u015bla zasady zwrot\u00f3w i reklamacji w sklepie internetowym prowadzonym pod adresem <strong><a href=\"http:\/\/www.sokolparktech.pl\">www.sokolparktech.pl<\/a><\/strong>, dzia\u0142aj\u0105cym na platformie WooCommerce.<\/li>\n\n\n\n<li class=\"has-small-font-size\">Sprzeda\u017c prowadzona jest zgodnie z obowi\u0105zuj\u0105cymi przepisami prawa, w szczeg\u00f3lno\u015bci:\n<ul class=\"wp-block-list\">\n<li>ustaw\u0105 z dnia 30 maja 2014 r. o prawach konsumenta,<\/li>\n\n\n\n<li>Kodeksem cywilnym.<\/li>\n<\/ul>\n<\/li>\n<\/ol>\n\n\n\n<hr class=\"wp-block-separator has-alpha-channel-opacity\"\/>\n\n\n\n<h2 class=\"wp-block-heading has-small-font-size\">\u00a72. Prawo odst\u0105pienia od umowy (zwrot)<\/h2>\n\n\n\n<ol class=\"wp-block-list\">\n<li class=\"has-small-font-size\">Klient b\u0119d\u0105cy <strong>konsumentem<\/strong> ma prawo odst\u0105pi\u0107 od umowy zawartej na odleg\u0142o\u015b\u0107 w terminie <strong>14 dni<\/strong>, bez podania przyczyny.<\/li>\n\n\n\n<li class=\"has-small-font-size\">Termin liczony jest od dnia, w kt\u00f3rym Klient lub wskazana przez niego osoba trzecia wesz\u0142a w posiadanie towaru.<\/li>\n\n\n\n<li>Aby skorzysta\u0107 z prawa odst\u0105pienia od umowy, Klient musi z\u0142o\u017cy\u0107 jednoznaczne o\u015bwiadczenie (np. drog\u0105 e-mailow\u0105).<\/li>\n\n\n\n<li class=\"has-small-font-size\">Produkt nale\u017cy odes\u0142a\u0107 <strong>w terminie 14 dni od dnia zg\u0142oszenia odst\u0105pienia<\/strong>.<\/li>\n<\/ol>\n\n\n\n<hr class=\"wp-block-separator has-alpha-channel-opacity\"\/>\n\n\n\n<h2 class=\"wp-block-heading has-small-font-size\">\u00a73. Warunki zwrotu<\/h2>\n\n\n\n<ol class=\"wp-block-list\">\n<li class=\"has-small-font-size\">Zwracany produkt:\n<ul class=\"wp-block-list\">\n<li>nie mo\u017ce nosi\u0107 \u015blad\u00f3w u\u017cytkowania wykraczaj\u0105cych poza zwyk\u0142e sprawdzenie produktu,<\/li>\n\n\n\n<li class=\"has-small-font-size\">powinien by\u0107 kompletny oraz odpowiednio zabezpieczony na czas transportu.<\/li>\n<\/ul>\n<\/li>\n\n\n\n<li class=\"has-small-font-size\">Sprzedawca zastrzega sobie prawo do <strong>pomniejszenia kwoty zwrotu<\/strong>, je\u017celi produkt zosta\u0142 u\u017cywany w spos\u00f3b zmniejszaj\u0105cy jego warto\u015b\u0107.<\/li>\n<\/ol>\n\n\n\n<hr class=\"wp-block-separator has-alpha-channel-opacity\"\/>\n\n\n\n<h2 class=\"wp-block-heading has-small-font-size\">\u00a74. Koszty zwrotu<\/h2>\n\n\n\n<ol class=\"wp-block-list\">\n<li class=\"has-small-font-size\"><strong>Koszt odes\u0142ania towaru ponosi Klient<\/strong>, chyba \u017ce Sprzedawca postanowi inaczej.<\/li>\n\n\n\n<li class=\"has-small-font-size\">Sprzedawca zwraca Klientowi:\n<ul class=\"wp-block-list\">\n<li>pe\u0142n\u0105 cen\u0119 produktu,<\/li>\n\n\n\n<li>koszt najta\u0144szej oferowanej formy dostawy do Klienta.<\/li>\n<\/ul>\n<\/li>\n<\/ol>\n\n\n\n<hr class=\"wp-block-separator has-alpha-channel-opacity\"\/>\n\n\n\n<h2 class=\"wp-block-heading has-small-font-size\">\u00a75. Zwrot \u015brodk\u00f3w<\/h2>\n\n\n\n<ol class=\"wp-block-list\">\n<li class=\"has-small-font-size\">Zwrot \u015brodk\u00f3w nast\u0105pi <strong>nie p\u00f3\u017aniej ni\u017c w terminie 14 dni<\/strong> od dnia otrzymania o\u015bwiadczenia o odst\u0105pieniu od umowy.<\/li>\n\n\n\n<li class=\"has-small-font-size\">Sprzedawca mo\u017ce wstrzyma\u0107 si\u0119 ze zwrotem p\u0142atno\u015bci do momentu:\n<ul class=\"wp-block-list\">\n<li>otrzymania zwracanego produktu lub<\/li>\n\n\n\n<li>dostarczenia dowodu jego odes\u0142ania.<\/li>\n<\/ul>\n<\/li>\n\n\n\n<li class=\"has-small-font-size\">Zwrot p\u0142atno\u015bci nast\u0119puje przy u\u017cyciu <strong>tego samego sposobu p\u0142atno\u015bci<\/strong>, jaki zosta\u0142 u\u017cyty przy zam\u00f3wieniu, chyba \u017ce Klient zgodzi si\u0119 na inne rozwi\u0105zanie.<\/li>\n<\/ol>\n\n\n\n<hr class=\"wp-block-separator has-alpha-channel-opacity\"\/>\n\n\n\n<h2 class=\"wp-block-heading has-small-font-size\">\u00a76. Wy\u0142\u0105czenia prawa do zwrotu<\/h2>\n\n\n\n<p class=\"has-small-font-size\">Prawo odst\u0105pienia od umowy nie przys\u0142uguje w przypadku:<\/p>\n\n\n\n<ul class=\"wp-block-list\">\n<li class=\"has-small-font-size\">produkt\u00f3w wykonywanych na <strong>indywidualne zam\u00f3wienie Klienta<\/strong>,<\/li>\n\n\n\n<li class=\"has-small-font-size\">produkt\u00f3w, kt\u00f3re po dostarczeniu zosta\u0142y <strong>nierozerwalnie po\u0142\u0105czone z innymi rzeczami<\/strong>,<\/li>\n\n\n\n<li class=\"has-small-font-size\">towar\u00f3w, kt\u00f3rych zwrot jest niedopuszczalny ze wzgl\u0119d\u00f3w prawnych lub higienicznych (je\u015bli dotyczy).<\/li>\n<\/ul>\n\n\n\n<hr class=\"wp-block-separator has-alpha-channel-opacity\"\/>\n\n\n\n<h2 class=\"wp-block-heading has-small-font-size\">\u00a77. Reklamacje (r\u0119kojmia)<\/h2>\n\n\n\n<ol class=\"wp-block-list\">\n<li class=\"has-small-font-size\">Sprzedawca odpowiada za wady fizyczne i prawne towaru na podstawie <strong>r\u0119kojmi<\/strong>.<\/li>\n\n\n\n<li class=\"has-small-font-size\">Reklamacj\u0119 nale\u017cy zg\u0142osi\u0107 drog\u0105 e-mailow\u0105, podaj\u0105c:\n<ul class=\"wp-block-list\">\n<li>imi\u0119 i nazwisko,<\/li>\n\n\n\n<li>numer zam\u00f3wienia,<\/li>\n\n\n\n<li>opis wady,<\/li>\n\n\n\n<li>zdj\u0119cia (je\u017celi to mo\u017cliwe).<\/li>\n<\/ul>\n<\/li>\n\n\n\n<li class=\"has-small-font-size\">Reklamacje rozpatrywane s\u0105 <strong>w terminie 14 dni<\/strong> od dnia ich otrzymania.<\/li>\n<\/ol>\n\n\n\n<hr class=\"wp-block-separator has-alpha-channel-opacity\"\/>\n\n\n\n<h2 class=\"wp-block-heading has-small-font-size\">\u00a78. Dane Sprzedawcy<\/h2>\n\n\n\n<p class=\"has-small-font-size\">Sprzedawca: <strong>Sok\u00f3\u0142 Techniki Parkingowe <\/strong><br>Strona internetowa: <strong><a href=\"http:\/\/www.sokolparktech.pl\">www.sokolparktech.pl<\/a><\/strong><br>E-mail kontaktowy: <strong>biuro@sokolparktech.pl<\/strong><br>Adres siedziby: <strong>\u0141\u0119kawica<\/strong> 230, 34-124 Klecza G\u00f3rna <br>NIP: 5512424154 <\/p>\n\n\n\n<p><\/p>\n","protected":false},"excerpt":{"rendered":"<p>\u00a71. Informacje og\u00f3lne Sklep internetowy: sokolparktech.pl \u00a72. Prawo odst\u0105pienia od umowy (zwrot) \u00a73. Warunki zwrotu \u00a74. Koszty zwrotu \u00a75. Zwrot \u015brodk\u00f3w \u00a76. Wy\u0142\u0105czenia prawa do zwrotu Prawo odst\u0105pienia od umowy nie przys\u0142uguje w przypadku: \u00a77. Reklamacje (r\u0119kojmia) \u00a78. Dane Sprzedawcy Sprzedawca: Sok\u00f3\u0142 Techniki Parkingowe Strona internetowa: www.sokolparktech.plE-mail kontaktowy: biuro@sokolparktech.plAdres siedziby: \u0141\u0119kawica 230, 34-124 Klecza G\u00f3rna [&hellip;]<\/p>\n","protected":false},"author":1,"featured_media":0,"parent":0,"menu_order":0,"comment_status":"closed","ping_status":"closed","template":"","meta":{"footnotes":""},"class_list":["post-79","page","type-page","status-publish","hentry"],"_links":{"self":[{"href":"https:\/\/sokolparktech.pl\/index.php\/wp-json\/wp\/v2\/pages\/79","targetHints":{"allow":["GET"]}}],"collection":[{"href":"https:\/\/sokolparktech.pl\/index.php\/wp-json\/wp\/v2\/pages"}],"about":[{"href":"https:\/\/sokolparktech.pl\/index.php\/wp-json\/wp\/v2\/types\/page"}],"author":[{"embeddable":true,"href":"https:\/\/sokolparktech.pl\/index.php\/wp-json\/wp\/v2\/users\/1"}],"replies":[{"embeddable":true,"href":"https:\/\/sokolparktech.pl\/index.php\/wp-json\/wp\/v2\/comments?post=79"}],"version-history":[{"count":3,"href":"https:\/\/sokolparktech.pl\/index.php\/wp-json\/wp\/v2\/pages\/79\/revisions"}],"predecessor-version":[{"id":1709,"href":"https:\/\/sokolparktech.pl\/index.php\/wp-json\/wp\/v2\/pages\/79\/revisions\/1709"}],"wp:attachment":[{"href":"https:\/\/sokolparktech.pl\/index.php\/wp-json\/wp\/v2\/media?parent=79"}],"curies":[{"name":"wp","href":"https:\/\/api.w.org\/{rel}","templated":true}]}}