{"id":1604,"date":"2026-01-18T14:52:51","date_gmt":"2026-01-18T12:52:51","guid":{"rendered":"https:\/\/sokolparktech.pl\/?post_type=product&#038;p=1604"},"modified":"2026-01-18T16:41:54","modified_gmt":"2026-01-18T14:41:54","slug":"szlaban-nice-5mbar","status":"publish","type":"product","link":"https:\/\/sokolparktech.pl\/index.php\/produkt\/szlaban-nice-5mbar\/","title":{"rendered":"Szlabany NICE M5BAR"},"content":{"rendered":"<h2 data-start=\"189\" data-end=\"223\">Zestaw M5BAR z ramieniem do 5 m<\/h2>\n<p data-start=\"225\" data-end=\"461\"><strong data-start=\"225\" data-end=\"261\">Szlaban elektromechaniczny M5BAR<\/strong> przeznaczony jest do obiekt\u00f3w prywatnych, publicznych oraz zastosowa\u0144 przemys\u0142owych. Urz\u0105dzenie zosta\u0142o zaprojektowane do <strong data-start=\"384\" data-end=\"412\">bardzo intensywnej pracy<\/strong> i obs\u0142ugi przejazd\u00f3w o szeroko\u015bci do <strong data-start=\"450\" data-end=\"460\">4,86 m<\/strong>.<\/p>\n<h3 data-start=\"463\" data-end=\"501\">Najwa\u017cniejsze parametry techniczne<\/h3>\n<ul data-start=\"502\" data-end=\"855\">\n<li data-start=\"502\" data-end=\"534\">\n<p data-start=\"504\" data-end=\"534\">Silnik <strong data-start=\"511\" data-end=\"534\">24 V DC z enkoderem<\/strong><\/p>\n<\/li>\n<li data-start=\"535\" data-end=\"599\">\n<p data-start=\"537\" data-end=\"599\">Wbudowana, modu\u0142owa centrala steruj\u0105ca <strong data-start=\"576\" data-end=\"599\">BCU1 \/ XBA3 BLUEBUS<\/strong><\/p>\n<\/li>\n<li data-start=\"600\" data-end=\"638\">\n<p data-start=\"602\" data-end=\"638\">Maksymalna d\u0142ugo\u015b\u0107 ramienia: <strong data-start=\"631\" data-end=\"638\">5 m<\/strong><\/p>\n<\/li>\n<li data-start=\"639\" data-end=\"679\">\n<p data-start=\"641\" data-end=\"679\">Intensywno\u015b\u0107 pracy: <strong data-start=\"661\" data-end=\"679\">do 350 cykli\/h<\/strong><\/p>\n<\/li>\n<li data-start=\"680\" data-end=\"744\">\n<p data-start=\"682\" data-end=\"744\">Moment obrotowy: <strong data-start=\"699\" data-end=\"709\">200 Nm<\/strong> (w jednostce centralnej do 300 Nm)<\/p>\n<\/li>\n<li data-start=\"745\" data-end=\"769\">\n<p data-start=\"747\" data-end=\"769\">Moc silnika: <strong data-start=\"760\" data-end=\"769\">150 W<\/strong><\/p>\n<\/li>\n<li data-start=\"770\" data-end=\"814\">\n<p data-start=\"772\" data-end=\"814\">Obudowa lakierowana w kolorze <strong data-start=\"802\" data-end=\"814\">RAL 2004<\/strong><\/p>\n<\/li>\n<li data-start=\"815\" data-end=\"855\">\n<p data-start=\"817\" data-end=\"855\">Tryb oszcz\u0119dzania energii <strong data-start=\"843\" data-end=\"855\">Stand-by<\/strong><\/p>\n<\/li>\n<\/ul>\n<hr data-start=\"857\" data-end=\"860\" \/>\n<h2 data-start=\"862\" data-end=\"897\">Charakterystyka i funkcjonalno\u015b\u0107<\/h2>\n<h3 data-start=\"899\" data-end=\"926\">Trwa\u0142o\u015b\u0107 i niezawodno\u015b\u0107<\/h3>\n<p data-start=\"927\" data-end=\"1145\">Solidna, stalowa konstrukcja oraz nowe, wzmocnione spr\u0119\u017cyny wywa\u017caj\u0105ce gwarantuj\u0105 nawet <strong data-start=\"1015\" data-end=\"1040\">2 000 000 cykli pracy<\/strong>. Ramiona o <strong data-start=\"1052\" data-end=\"1077\">eliptycznym przekroju<\/strong> charakteryzuj\u0105 si\u0119 zwi\u0119kszon\u0105 odporno\u015bci\u0105 na silne podmuchy wiatru.<\/p>\n<h3 data-start=\"1147\" data-end=\"1179\">Bezpiecze\u0144stwo i diagnostyka<\/h3>\n<ul data-start=\"1180\" data-end=\"1429\">\n<li data-start=\"1180\" data-end=\"1245\">\n<p data-start=\"1182\" data-end=\"1245\">Funkcja <strong data-start=\"1190\" data-end=\"1245\">automatycznego zatrzymania przy wykryciu przeszkody<\/strong><\/p>\n<\/li>\n<li data-start=\"1246\" data-end=\"1346\">\n<p data-start=\"1248\" data-end=\"1346\"><strong data-start=\"1248\" data-end=\"1272\">Autodiagnoza systemu<\/strong> \u2013 lampa sygnalizacyjna informuje o rodzaju usterki poprzez liczb\u0119 migni\u0119\u0107<\/p>\n<\/li>\n<li data-start=\"1347\" data-end=\"1429\">\n<p data-start=\"1349\" data-end=\"1429\">Oddzielone strefy mechaniki i elektroniki, zwi\u0119kszaj\u0105ce bezpiecze\u0144stwo serwisowe<\/p>\n<\/li>\n<\/ul>\n<h3 data-start=\"1431\" data-end=\"1468\">Widoczno\u015b\u0107 i sygnalizacja (opcje)<\/h3>\n<ul data-start=\"1469\" data-end=\"1771\">\n<li data-start=\"1469\" data-end=\"1602\">\n<p data-start=\"1471\" data-end=\"1508\">Obs\u0142uga diodowych \u015bwiate\u0142 w pokrywie:<\/p>\n<ul data-start=\"1511\" data-end=\"1602\">\n<li data-start=\"1511\" data-end=\"1529\">\n<p data-start=\"1513\" data-end=\"1529\">\u015bwiat\u0142o migaj\u0105ce<\/p>\n<\/li>\n<li data-start=\"1532\" data-end=\"1562\">\n<p data-start=\"1534\" data-end=\"1562\">o\u015bwietlenie sta\u0142e (<strong data-start=\"1553\" data-end=\"1561\">XBA7<\/strong>)<\/p>\n<\/li>\n<li data-start=\"1565\" data-end=\"1602\">\n<p data-start=\"1567\" data-end=\"1602\">semafor czerwony\/zielony (<strong data-start=\"1593\" data-end=\"1601\">XBA8<\/strong>)<\/p>\n<\/li>\n<\/ul>\n<\/li>\n<li data-start=\"1603\" data-end=\"1771\">\n<p data-start=\"1605\" data-end=\"1635\">Programowalne wyj\u015bcie \u201elight\u201d:<\/p>\n<ul data-start=\"1638\" data-end=\"1771\">\n<li data-start=\"1638\" data-end=\"1667\">\n<p data-start=\"1640\" data-end=\"1667\">sygnalizacja stanu szlabanu<\/p>\n<\/li>\n<li data-start=\"1670\" data-end=\"1705\">\n<p data-start=\"1672\" data-end=\"1705\">ostrzegawcze o\u015bwietlenie ramienia<\/p>\n<\/li>\n<li data-start=\"1708\" data-end=\"1747\">\n<p data-start=\"1710\" data-end=\"1747\">sterowanie elektrozamkiem, przyssawk\u0105<\/p>\n<\/li>\n<li data-start=\"1750\" data-end=\"1771\">\n<p data-start=\"1752\" data-end=\"1771\">kontrolka serwisowa<\/p>\n<\/li>\n<\/ul>\n<\/li>\n<\/ul>\n<h3 data-start=\"1773\" data-end=\"1811\">Zaawansowane mo\u017cliwo\u015bci sterowania<\/h3>\n<ul data-start=\"1812\" data-end=\"2142\">\n<li data-start=\"1812\" data-end=\"1877\">\n<p data-start=\"1814\" data-end=\"1877\">Pe\u0142na konfiguracja parametr\u00f3w za pomoc\u0105 programatora <strong data-start=\"1867\" data-end=\"1877\">O-View<\/strong><\/p>\n<\/li>\n<li data-start=\"1878\" data-end=\"1930\">\n<p data-start=\"1880\" data-end=\"1930\">Programator wymagany do aktywacji detektor\u00f3w p\u0119tli<\/p>\n<\/li>\n<li data-start=\"1931\" data-end=\"2026\">\n<p data-start=\"1933\" data-end=\"2026\">Funkcja <strong data-start=\"1941\" data-end=\"1957\">master\/slave<\/strong> \u2013 automatyczna synchronizacja dw\u00f3ch szlaban\u00f3w pracuj\u0105cych r\u00f3wnolegle<\/p>\n<\/li>\n<li data-start=\"2027\" data-end=\"2077\">\n<p data-start=\"2029\" data-end=\"2077\">Szybki dost\u0119p do centrali steruj\u0105cej <strong data-start=\"2066\" data-end=\"2077\">BLUEBUS<\/strong><\/p>\n<\/li>\n<li data-start=\"2078\" data-end=\"2142\">\n<p data-start=\"2080\" data-end=\"2142\">Mo\u017cliwo\u015b\u0107 monta\u017cu fotokom\u00f3rek bezpo\u015brednio w obudowie szlabanu<\/p>\n<\/li>\n<\/ul>\n<h3 data-start=\"2144\" data-end=\"2180\">Niezawodno\u015b\u0107 w ka\u017cdych warunkach<\/h3>\n<ul data-start=\"2181\" data-end=\"2309\">\n<li data-start=\"2181\" data-end=\"2274\">\n<p data-start=\"2183\" data-end=\"2274\">Mo\u017cliwo\u015b\u0107 pracy przy braku zasilania dzi\u0119ki opcjonalnemu akumulatorowi awaryjnemu <strong data-start=\"2265\" data-end=\"2274\">PS224<\/strong><\/p>\n<\/li>\n<li data-start=\"2275\" data-end=\"2309\">\n<p data-start=\"2277\" data-end=\"2309\">Z\u0142\u0105cze radiowe typu <strong data-start=\"2297\" data-end=\"2309\">SM, OXBD<\/strong><\/p>\n<\/li>\n<\/ul>\n<hr data-start=\"2311\" data-end=\"2314\" \/>\n<h2 data-start=\"2316\" data-end=\"2357\">Zawarto\u015b\u0107 zestawu M5BAR (rami\u0119 do 5 m)<\/h2>\n<ul data-start=\"2358\" data-end=\"2561\">\n<li data-start=\"2358\" data-end=\"2389\">\n<p data-start=\"2360\" data-end=\"2389\">Jednostka centralna <strong data-start=\"2380\" data-end=\"2389\">M5BAR<\/strong><\/p>\n<\/li>\n<li data-start=\"2390\" data-end=\"2434\">\n<p data-start=\"2392\" data-end=\"2434\">Centrala steruj\u0105ca <strong data-start=\"2411\" data-end=\"2434\">XBA3 BLUEBUS \/ BCU1<\/strong><\/p>\n<\/li>\n<li data-start=\"2435\" data-end=\"2454\">\n<p data-start=\"2437\" data-end=\"2454\">Motoreduktor 24 V<\/p>\n<\/li>\n<li data-start=\"2455\" data-end=\"2472\">\n<p data-start=\"2457\" data-end=\"2472\">Obudowa stalowa<\/p>\n<\/li>\n<li data-start=\"2473\" data-end=\"2502\">\n<p data-start=\"2475\" data-end=\"2502\">Uchwyt do ramienia owalnego<\/p>\n<\/li>\n<li data-start=\"2503\" data-end=\"2540\">\n<p data-start=\"2505\" data-end=\"2540\">P\u0142yta monta\u017cowa z kotwami <strong data-start=\"2531\" data-end=\"2540\">XBA16<\/strong><\/p>\n<\/li>\n<li data-start=\"2541\" data-end=\"2561\">\n<p data-start=\"2543\" data-end=\"2561\">Podstawa monta\u017cowa<\/p>\n<\/li>\n<\/ul>\n","protected":false},"excerpt":{"rendered":"<p>Zestaw M5BAR z ramieniem do 5 m Szlaban elektromechaniczny M5BAR przeznaczony jest do obiekt\u00f3w prywatnych, publicznych oraz zastosowa\u0144 przemys\u0142owych. Urz\u0105dzenie zosta\u0142o zaprojektowane do bardzo intensywnej pracy i obs\u0142ugi przejazd\u00f3w o szeroko\u015bci do 4,86 m. Najwa\u017cniejsze parametry techniczne Silnik 24 V DC z enkoderem Wbudowana, modu\u0142owa centrala steruj\u0105ca BCU1 \/ XBA3 BLUEBUS Maksymalna d\u0142ugo\u015b\u0107 ramienia: 5 [&hellip;]<\/p>\n","protected":false},"featured_media":1610,"comment_status":"open","ping_status":"closed","template":"","meta":[],"product_brand":[],"product_cat":[35],"product_tag":[],"class_list":{"0":"post-1604","1":"product","2":"type-product","3":"status-publish","4":"has-post-thumbnail","6":"product_cat-automatyczne","8":"first","9":"instock","10":"taxable","11":"shipping-taxable","12":"product-type-simple"},"_links":{"self":[{"href":"https:\/\/sokolparktech.pl\/index.php\/wp-json\/wp\/v2\/product\/1604","targetHints":{"allow":["GET"]}}],"collection":[{"href":"https:\/\/sokolparktech.pl\/index.php\/wp-json\/wp\/v2\/product"}],"about":[{"href":"https:\/\/sokolparktech.pl\/index.php\/wp-json\/wp\/v2\/types\/product"}],"replies":[{"embeddable":true,"href":"https:\/\/sokolparktech.pl\/index.php\/wp-json\/wp\/v2\/comments?post=1604"}],"wp:featuredmedia":[{"embeddable":true,"href":"https:\/\/sokolparktech.pl\/index.php\/wp-json\/wp\/v2\/media\/1610"}],"wp:attachment":[{"href":"https:\/\/sokolparktech.pl\/index.php\/wp-json\/wp\/v2\/media?parent=1604"}],"wp:term":[{"taxonomy":"product_brand","embeddable":true,"href":"https:\/\/sokolparktech.pl\/index.php\/wp-json\/wp\/v2\/product_brand?post=1604"},{"taxonomy":"product_cat","embeddable":true,"href":"https:\/\/sokolparktech.pl\/index.php\/wp-json\/wp\/v2\/product_cat?post=1604"},{"taxonomy":"product_tag","embeddable":true,"href":"https:\/\/sokolparktech.pl\/index.php\/wp-json\/wp\/v2\/product_tag?post=1604"}],"curies":[{"name":"wp","href":"https:\/\/api.w.org\/{rel}","templated":true}]}}