{"id":1606,"date":"2026-01-18T14:55:26","date_gmt":"2026-01-18T12:55:26","guid":{"rendered":"https:\/\/sokolparktech.pl\/?post_type=product&#038;p=1606"},"modified":"2026-02-04T10:15:10","modified_gmt":"2026-02-04T08:15:10","slug":"szlaban-nice-7mbar","status":"publish","type":"product","link":"https:\/\/sokolparktech.pl\/index.php\/produkt\/szlaban-nice-7mbar\/","title":{"rendered":"Szlaban NICE M7BAR"},"content":{"rendered":"<p data-start=\"132\" data-end=\"631\"><strong data-start=\"132\" data-end=\"167\">Szlaban elektromechaniczny NICE M7BAR<\/strong> to nowoczesny element system\u00f3w kontroli dost\u0119pu, kt\u00f3ry doskonale sprawdza si\u0119 na parkingach strze\u017conych, przy uczelniach, urz\u0119dach, wsp\u00f3lnotach mieszkaniowych oraz w obiektach przemys\u0142owych. Solidna konstrukcja urz\u0105dze\u0144 NICE umo\u017cliwia intensywn\u0105 eksploatacj\u0119 i gwarantuje niezawodno\u015b\u0107 nawet do <strong data-start=\"462\" data-end=\"487\">1 miliona cykli pracy<\/strong>.<br data-start=\"488\" data-end=\"491\" \/>Modu\u0142owa budowa ramion oraz szeroka gama akcesori\u00f3w pozwalaj\u0105 na precyzyjne dopasowanie szlabanu do warunk\u00f3w i specyfiki miejsca instalacji.<\/p>\n<hr data-start=\"633\" data-end=\"636\" \/>\n<h3 data-start=\"638\" data-end=\"662\">PARAMETRY TECHNICZNE<\/h3>\n<ul data-start=\"663\" data-end=\"897\">\n<li data-start=\"663\" data-end=\"703\">\n<p data-start=\"665\" data-end=\"703\">maksymalna d\u0142ugo\u015b\u0107 ramienia: <strong data-start=\"694\" data-end=\"701\">7 m<\/strong><\/p>\n<\/li>\n<li data-start=\"704\" data-end=\"746\">\n<p data-start=\"706\" data-end=\"746\">intensywno\u015b\u0107 pracy: <strong data-start=\"726\" data-end=\"744\">do 200 cykli\/h<\/strong><\/p>\n<\/li>\n<li data-start=\"747\" data-end=\"783\">\n<p data-start=\"749\" data-end=\"783\">minimalny czas otwarcia: <strong data-start=\"774\" data-end=\"781\">6 s<\/strong><\/p>\n<\/li>\n<li data-start=\"784\" data-end=\"850\">\n<p data-start=\"786\" data-end=\"850\">funkcja <strong data-start=\"794\" data-end=\"810\">Master\/Slave<\/strong> \u2013 synchroniczna praca dw\u00f3ch szlaban\u00f3w<\/p>\n<\/li>\n<li data-start=\"851\" data-end=\"897\">\n<p data-start=\"853\" data-end=\"897\"><strong data-start=\"853\" data-end=\"897\">2 wbudowane detektory p\u0119tli indukcyjnych<\/strong><\/p>\n<\/li>\n<\/ul>\n<hr data-start=\"899\" data-end=\"902\" \/>\n<h3 data-start=\"904\" data-end=\"922\">ZESTAW ZAWIERA<\/h3>\n<ul data-start=\"923\" data-end=\"1070\">\n<li data-start=\"923\" data-end=\"958\">\n<p data-start=\"925\" data-end=\"958\">motoreduktor <strong data-start=\"938\" data-end=\"946\">24 V<\/strong> z obudow\u0105<\/p>\n<\/li>\n<li data-start=\"959\" data-end=\"998\">\n<p data-start=\"961\" data-end=\"998\">central\u0119 steruj\u0105c\u0105 <strong data-start=\"980\" data-end=\"996\">XBA3 BLUEBUS<\/strong><\/p>\n<\/li>\n<li data-start=\"999\" data-end=\"1030\">\n<p data-start=\"1001\" data-end=\"1030\">uchwyt do ramienia owalnego<\/p>\n<\/li>\n<li data-start=\"1031\" data-end=\"1070\">\n<p data-start=\"1033\" data-end=\"1070\">p\u0142yt\u0119 podstawy oraz kotwy monta\u017cowe<\/p>\n<\/li>\n<\/ul>\n<p data-start=\"1072\" data-end=\"1368\">Jednostka centralna <strong data-start=\"1092\" data-end=\"1106\">Nice M7BAR<\/strong> umo\u017cliwia monta\u017c ramienia o d\u0142ugo\u015bci do 7 m. Silnik 24 V z enkoderem o mocy <strong data-start=\"1183\" data-end=\"1192\">110 W<\/strong> generuje moment obrotowy <strong data-start=\"1218\" data-end=\"1228\">300 Nm<\/strong>. Wbudowana centrala steruj\u0105ca XBA3 z technologi\u0105 <strong data-start=\"1278\" data-end=\"1289\">BlueBus<\/strong> wyposa\u017cona jest w z\u0142\u0105cze radiowe kompatybilne z modu\u0142ami <strong data-start=\"1347\" data-end=\"1367\">OXI, SMXI, SMXIS<\/strong>.<\/p>\n<hr data-start=\"1370\" data-end=\"1373\" \/>\n<h2 data-start=\"1375\" data-end=\"1410\">CECHY WYR\u00d3\u017bNIAJ\u0104CE SZLABANY NICE<\/h2>\n<h3 data-start=\"1412\" data-end=\"1439\">TRWA\u0141O\u015a\u0106 I NIEZAWODNO\u015a\u0106<\/h3>\n<p data-start=\"1440\" data-end=\"1608\">Stalowa konstrukcja, wytrzyma\u0142e spr\u0119\u017cyny wywa\u017caj\u0105ce oraz ramiona o eliptycznym przekroju zapewniaj\u0105 wysok\u0105 odporno\u015b\u0107 na intensywn\u0105 eksploatacj\u0119 i silne podmuchy wiatru.<\/p>\n<h3 data-start=\"1610\" data-end=\"1631\">WYSOKA WIDOCZNO\u015a\u0106<\/h3>\n<p data-start=\"1632\" data-end=\"1886\">Charakterystyczny pomara\u0144czowy kolor, opcjonalne pod\u015bwietlenie LED w pokrywie, diodowe \u015bwiat\u0142a ostrzegawcze na ramieniu (opcja), obs\u0142uga sygnalizacji \u015bwietlnej oraz mo\u017cliwo\u015b\u0107 zastosowania naklejek ostrzegawczych znacz\u0105co poprawiaj\u0105 widoczno\u015b\u0107 urz\u0105dzenia.<\/p>\n<h3 data-start=\"1888\" data-end=\"1906\">BEZPIECZE\u0143STWO<\/h3>\n<p data-start=\"1907\" data-end=\"2350\">Mo\u017cliwo\u015b\u0107 monta\u017cu fotokom\u00f3rek bezpo\u015brednio w obudowie szlabanu (przy u\u017cyciu opcjonalnych uchwyt\u00f3w) skutecznie zabezpiecza stref\u0119 pracy ramienia. Centrala steruj\u0105ca stale monitoruje pob\u00f3r pr\u0105du silnika \u2013 w przypadku wykrycia przeszkody natychmiast reaguje, zatrzymuj\u0105c ruch lub wykonuj\u0105c zaprogramowan\u0105 akcj\u0119 (cofni\u0119cie, kr\u00f3tkie cofni\u0119cie, stop).<br data-start=\"2252\" data-end=\"2255\" \/>Opcjonalnie rami\u0119 mo\u017cna wyposa\u017cy\u0107 w gumowe listwy ochronne lub listw\u0119 rezystancyjn\u0105 <strong data-start=\"2339\" data-end=\"2349\">8,2 k\u03a9<\/strong>.<\/p>\n<h3 data-start=\"2352\" data-end=\"2390\">OSZCZ\u0118DNO\u015a\u0106 I NIEZAWODNE ZASILANIE<\/h3>\n<p data-start=\"2391\" data-end=\"2661\">Standardowe zasilanie 230 V mo\u017ce zosta\u0107 uzupe\u0142nione o system solarny <strong data-start=\"2460\" data-end=\"2471\">SOLEMYO<\/strong>. Dodatkowy akumulator <strong data-start=\"2494\" data-end=\"2503\">PS224<\/strong> zapewnia ci\u0105g\u0142o\u015b\u0107 pracy podczas przerw w dostawie energii. W trybie spoczynku centrala automatycznie przechodzi w tryb <strong data-start=\"2623\" data-end=\"2635\">Stand-by<\/strong>, ograniczaj\u0105c pob\u00f3r mocy.<\/p>\n<h3 data-start=\"2663\" data-end=\"2702\">ZAAWANSOWANE PROGRAMOWANIE I SERWIS<\/h3>\n<p data-start=\"2703\" data-end=\"3073\">Oddzielenie stref mechanicznej i elektronicznej w obudowie znacz\u0105co u\u0142atwia obs\u0142ug\u0119 i serwisowanie. Centrala umieszczona w g\u00f3rnej cz\u0119\u015bci szlabanu zapewnia szybki dost\u0119p do ustawie\u0144.<br data-start=\"2884\" data-end=\"2887\" \/>Funkcja autodiagnozy sygnalizuje b\u0142\u0119dy za pomoc\u0105 kod\u00f3w \u015bwietlnych. Centrala XBA3 BlueBus wsp\u00f3\u0142pracuje z programatorem <strong data-start=\"3005\" data-end=\"3015\">O-View<\/strong>, umo\u017cliwiaj\u0105c szczeg\u00f3\u0142ow\u0105 konfiguracj\u0119 parametr\u00f3w, m.in.:<\/p>\n<ul data-start=\"3074\" data-end=\"3278\">\n<li data-start=\"3074\" data-end=\"3126\">\n<p data-start=\"3076\" data-end=\"3126\">regulacj\u0119 k\u0105ta otwarcia z dok\u0142adno\u015bci\u0105 do <strong data-start=\"3118\" data-end=\"3124\">1\u00b0<\/strong><\/p>\n<\/li>\n<li data-start=\"3127\" data-end=\"3174\">\n<p data-start=\"3129\" data-end=\"3174\">regulacj\u0119 zwolnienia w ko\u0144cowej fazie ruchu<\/p>\n<\/li>\n<li data-start=\"3175\" data-end=\"3222\">\n<p data-start=\"3177\" data-end=\"3222\">zaawansowane reakcje na alarm z fotokom\u00f3rek<\/p>\n<\/li>\n<li data-start=\"3223\" data-end=\"3278\">\n<p data-start=\"3225\" data-end=\"3278\">definiowanie godzin autoryzacji pilot\u00f3w steruj\u0105cych.<\/p>\n<\/li>\n<\/ul>\n<p>Produkt dost\u0119pny jest w nast\u0119puj\u0105cych wariantach kolorystycznych:<\/p>\n<h3 data-start=\"257\" data-end=\"283\">\ud83d\udd39 <strong data-start=\"264\" data-end=\"283\">Stal nierdzewna<\/strong><\/h3>\n<p data-start=\"284\" data-end=\"484\">Nowoczesne i uniwersalne wyko\u0144czenie o wysokiej odporno\u015bci na warunki atmosferyczne. Idealne do obiekt\u00f3w komercyjnych, przemys\u0142owych oraz nowoczesnych przestrzeni, gdzie liczy si\u0119 trwa\u0142o\u015b\u0107 i estetyka.<\/p>\n<h3 data-start=\"486\" data-end=\"509\">\ud83d\udd38 <strong data-start=\"493\" data-end=\"509\">Pomara\u0144czowy<\/strong><\/h3>\n<p data-start=\"510\" data-end=\"707\">Kolor o wysokiej widoczno\u015bci, cz\u0119sto stosowany w miejscach wymagaj\u0105cych zwi\u0119kszonego bezpiecze\u0144stwa i dobrej identyfikacji wizualnej, takich jak parkingi, wjazdy techniczne czy obiekty przemys\u0142owe.<\/p>\n<hr data-start=\"709\" data-end=\"712\" \/>\n<p data-start=\"714\" data-end=\"885\">\ud83d\udccc <strong data-start=\"717\" data-end=\"744\">Informacja:<\/strong><br data-start=\"744\" data-end=\"747\" \/>Kolor produktu wybierany jest podczas sk\u0142adania zam\u00f3wienia.<br data-start=\"806\" data-end=\"809\" \/>Zdj\u0119cie ma charakter pogl\u0105dowy i prezentuje dost\u0119pne warianty kolorystyczne.<\/p>\n","protected":false},"excerpt":{"rendered":"<p>Szlaban elektromechaniczny NICE M7BAR to nowoczesny element system\u00f3w kontroli dost\u0119pu, kt\u00f3ry doskonale sprawdza si\u0119 na parkingach strze\u017conych, przy uczelniach, urz\u0119dach, wsp\u00f3lnotach mieszkaniowych oraz w obiektach przemys\u0142owych. Solidna konstrukcja urz\u0105dze\u0144 NICE umo\u017cliwia intensywn\u0105 eksploatacj\u0119 i gwarantuje niezawodno\u015b\u0107 nawet do 1 miliona cykli pracy.Modu\u0142owa budowa ramion oraz szeroka gama akcesori\u00f3w pozwalaj\u0105 na precyzyjne dopasowanie szlabanu do warunk\u00f3w [&hellip;]<\/p>\n","protected":false},"featured_media":1611,"comment_status":"open","ping_status":"closed","template":"","meta":[],"product_brand":[68],"product_cat":[35],"product_tag":[],"class_list":{"0":"post-1606","1":"product","2":"type-product","3":"status-publish","4":"has-post-thumbnail","6":"product_brand-nice","7":"product_cat-automatyczne","9":"first","10":"instock","11":"taxable","12":"shipping-taxable","13":"product-type-simple"},"_links":{"self":[{"href":"https:\/\/sokolparktech.pl\/index.php\/wp-json\/wp\/v2\/product\/1606","targetHints":{"allow":["GET"]}}],"collection":[{"href":"https:\/\/sokolparktech.pl\/index.php\/wp-json\/wp\/v2\/product"}],"about":[{"href":"https:\/\/sokolparktech.pl\/index.php\/wp-json\/wp\/v2\/types\/product"}],"replies":[{"embeddable":true,"href":"https:\/\/sokolparktech.pl\/index.php\/wp-json\/wp\/v2\/comments?post=1606"}],"wp:featuredmedia":[{"embeddable":true,"href":"https:\/\/sokolparktech.pl\/index.php\/wp-json\/wp\/v2\/media\/1611"}],"wp:attachment":[{"href":"https:\/\/sokolparktech.pl\/index.php\/wp-json\/wp\/v2\/media?parent=1606"}],"wp:term":[{"taxonomy":"product_brand","embeddable":true,"href":"https:\/\/sokolparktech.pl\/index.php\/wp-json\/wp\/v2\/product_brand?post=1606"},{"taxonomy":"product_cat","embeddable":true,"href":"https:\/\/sokolparktech.pl\/index.php\/wp-json\/wp\/v2\/product_cat?post=1606"},{"taxonomy":"product_tag","embeddable":true,"href":"https:\/\/sokolparktech.pl\/index.php\/wp-json\/wp\/v2\/product_tag?post=1606"}],"curies":[{"name":"wp","href":"https:\/\/api.w.org\/{rel}","templated":true}]}}