{"id":1984,"date":"2026-02-11T15:16:03","date_gmt":"2026-02-11T13:16:03","guid":{"rendered":"https:\/\/sokolparktech.pl\/?post_type=product&#038;p=1984"},"modified":"2026-02-13T15:47:44","modified_gmt":"2026-02-13T13:47:44","slug":"odbojnica-grafitowa-biale-odblaski-o-761-mm-kopia","status":"publish","type":"product","link":"https:\/\/sokolparktech.pl\/index.php\/produkt\/odbojnica-grafitowa-biale-odblaski-o-761-mm-kopia\/","title":{"rendered":"Odbojnica grafitowa + bia\u0142e odblaski \u00d8 76,1 mm"},"content":{"rendered":"<p data-start=\"254\" data-end=\"623\"><strong data-start=\"254\" data-end=\"286\">Odbojnice <\/strong>to niezawodne elementy zabezpieczaj\u0105ce, stosowane w celu <strong data-start=\"344\" data-end=\"424\">ochrony \u015bcian, rega\u0142\u00f3w, maszyn, ramp, naro\u017cnik\u00f3w oraz ci\u0105g\u00f3w komunikacyjnych<\/strong> przed uszkodzeniami mechanicznymi.<\/p>\n<p data-start=\"63\" data-end=\"400\">Solidna odbojnica parkingowa wykonana z wytrzyma\u0142ej rury stalowej o \u015brednicy 76,1 mm. Malowana proszkowo na kolor grafitowy, charakteryzuje si\u0119 wysok\u0105 odporno\u015bci\u0105 na korozj\u0119 oraz warunki atmosferyczne.<\/p>\n<p data-start=\"402\" data-end=\"568\">Wyposa\u017cona w bia\u0142e pasy odblaskowe, kt\u00f3re zwi\u0119kszaj\u0105 widoczno\u015b\u0107 zar\u00f3wno w dzie\u0144, jak i po zmroku, poprawiaj\u0105c bezpiecze\u0144stwo na parkingach i w gara\u017cach podziemnych.<\/p>\n<p data-start=\"570\" data-end=\"751\" data-is-last-node=\"\" data-is-only-node=\"\">Idealna do zastosowania na parkingach osiedlowych, firmowych, przy centrach handlowych oraz w halach magazynowych, gdzie zapewniaj\u0105 <strong data-start=\"569\" data-end=\"620\">bezpiecze\u0144stwo ludzi, pojazd\u00f3w i infrastruktury<\/strong>. Trwa\u0142a konstrukcja gwarantuje d\u0142ug\u0105 \u017cywotno\u015b\u0107 i skuteczn\u0105 ochron\u0119.<\/p>\n<p data-start=\"254\" data-end=\"623\">\n<p data-start=\"626\" data-end=\"654\"><strong data-start=\"626\" data-end=\"654\">Specyfikacja techniczna:<\/strong><\/p>\n<ul data-start=\"655\" data-end=\"793\">\n<li data-start=\"655\" data-end=\"672\">\n<p data-start=\"657\" data-end=\"672\">kolor: grafitowy RAL 7016<\/p>\n<\/li>\n<li data-start=\"673\" data-end=\"692\">\n<p data-start=\"675\" data-end=\"692\">odblaski: bia\u0142e<\/p>\n<\/li>\n<li data-start=\"693\" data-end=\"710\">\n<p data-start=\"695\" data-end=\"710\">rura: \u00d8 76,1 mm<\/p>\n<\/li>\n<li data-start=\"711\" data-end=\"738\">\n<p data-start=\"713\" data-end=\"738\">grubo\u015b\u0107 \u015bcianki: 2,6 mm<\/p>\n<\/li>\n<li data-start=\"739\" data-end=\"758\">\n<p data-start=\"741\" data-end=\"758\">wysoko\u015b\u0107: 45 cm<\/p>\n<\/li>\n<li data-start=\"759\" data-end=\"793\">\n<p data-start=\"761\" data-end=\"793\">podstawa monta\u017cowa: 12 \u00d7 12 cm<\/p>\n<\/li>\n<\/ul>\n<p data-start=\"795\" data-end=\"831\"><strong data-start=\"795\" data-end=\"831\">Dost\u0119pne warianty kolorystyczne:<\/strong><\/p>\n<ul data-start=\"832\" data-end=\"980\">\n<li data-start=\"832\" data-end=\"875\">\n<p data-start=\"834\" data-end=\"875\">grafitowy\u00a0 z bia\u0142ymi odblaskami<\/p>\n<\/li>\n<li data-start=\"876\" data-end=\"916\">\n<p data-start=\"878\" data-end=\"916\">\u017c\u00f3\u0142ty RAL 1021 z czarnymi odblaskami<\/p>\n<\/li>\n<li data-start=\"917\" data-end=\"948\">\n<p data-start=\"919\" data-end=\"948\">czarny z \u017c\u00f3\u0142tymi odblaskami<\/p>\n<\/li>\n<li data-start=\"949\" data-end=\"980\">\n<p data-start=\"951\" data-end=\"980\">czarny z bia\u0142ymi odblaskami<\/p>\n<\/li>\n<\/ul>\n","protected":false},"excerpt":{"rendered":"<p>Odbojnice to niezawodne elementy zabezpieczaj\u0105ce, stosowane w celu ochrony \u015bcian, rega\u0142\u00f3w, maszyn, ramp, naro\u017cnik\u00f3w oraz ci\u0105g\u00f3w komunikacyjnych przed uszkodzeniami mechanicznymi. Solidna odbojnica parkingowa wykonana z wytrzyma\u0142ej rury stalowej o \u015brednicy 76,1 mm. Malowana proszkowo na kolor grafitowy, charakteryzuje si\u0119 wysok\u0105 odporno\u015bci\u0105 na korozj\u0119 oraz warunki atmosferyczne. Wyposa\u017cona w bia\u0142e pasy odblaskowe, kt\u00f3re zwi\u0119kszaj\u0105 widoczno\u015b\u0107 zar\u00f3wno [&hellip;]<\/p>\n","protected":false},"featured_media":1982,"comment_status":"open","ping_status":"closed","template":"","meta":[],"product_brand":[],"product_cat":[59],"product_tag":[],"class_list":{"0":"post-1984","1":"product","2":"type-product","3":"status-publish","4":"has-post-thumbnail","6":"product_cat-odbojnice-i-bariery","8":"first","9":"instock","10":"taxable","11":"shipping-taxable","12":"purchasable","13":"product-type-simple"},"_links":{"self":[{"href":"https:\/\/sokolparktech.pl\/index.php\/wp-json\/wp\/v2\/product\/1984","targetHints":{"allow":["GET"]}}],"collection":[{"href":"https:\/\/sokolparktech.pl\/index.php\/wp-json\/wp\/v2\/product"}],"about":[{"href":"https:\/\/sokolparktech.pl\/index.php\/wp-json\/wp\/v2\/types\/product"}],"replies":[{"embeddable":true,"href":"https:\/\/sokolparktech.pl\/index.php\/wp-json\/wp\/v2\/comments?post=1984"}],"wp:featuredmedia":[{"embeddable":true,"href":"https:\/\/sokolparktech.pl\/index.php\/wp-json\/wp\/v2\/media\/1982"}],"wp:attachment":[{"href":"https:\/\/sokolparktech.pl\/index.php\/wp-json\/wp\/v2\/media?parent=1984"}],"wp:term":[{"taxonomy":"product_brand","embeddable":true,"href":"https:\/\/sokolparktech.pl\/index.php\/wp-json\/wp\/v2\/product_brand?post=1984"},{"taxonomy":"product_cat","embeddable":true,"href":"https:\/\/sokolparktech.pl\/index.php\/wp-json\/wp\/v2\/product_cat?post=1984"},{"taxonomy":"product_tag","embeddable":true,"href":"https:\/\/sokolparktech.pl\/index.php\/wp-json\/wp\/v2\/product_tag?post=1984"}],"curies":[{"name":"wp","href":"https:\/\/api.w.org\/{rel}","templated":true}]}}