{"id":288,"date":"2025-10-17T13:15:15","date_gmt":"2025-10-17T11:15:15","guid":{"rendered":"https:\/\/sokolparktech.pl\/?post_type=product&#038;p=288"},"modified":"2026-02-02T11:32:51","modified_gmt":"2026-02-02T09:32:51","slug":"system-parkingowy-biletowy","status":"publish","type":"product","link":"https:\/\/sokolparktech.pl\/index.php\/produkt\/system-parkingowy-biletowy\/","title":{"rendered":"System parkingowy biletowy"},"content":{"rendered":"<p data-start=\"361\" data-end=\"633\">System biletowy dzia\u0142a w oparciu o <strong data-start=\"399\" data-end=\"446\">wydawanie biletu parkingowego przy wje\u017adzie<\/strong> oraz jego <strong data-start=\"457\" data-end=\"482\">odczyt przy wyje\u017adzie<\/strong>. Ca\u0142y proces jest w pe\u0142ni zautomatyzowany i oparty na urz\u0105dzeniach takich jak <strong data-start=\"561\" data-end=\"630\">terminale biletowe, szlabany oraz oprogramowanie do obs\u0142ugi op\u0142at<\/strong>.<\/p>\n<hr data-start=\"635\" data-end=\"638\" \/>\n<h3 data-start=\"640\" data-end=\"679\"><strong data-start=\"647\" data-end=\"679\">Jak to dzia\u0142a krok po kroku:<\/strong><\/h3>\n<ol data-start=\"681\" data-end=\"1617\">\n<li data-start=\"681\" data-end=\"964\">\n<p data-start=\"684\" data-end=\"705\"><strong data-start=\"684\" data-end=\"705\">Wjazd na parking:<\/strong><\/p>\n<ul data-start=\"709\" data-end=\"964\">\n<li data-start=\"709\" data-end=\"756\">\n<p data-start=\"711\" data-end=\"756\">Kierowca podje\u017cd\u017ca do terminala wjazdowego.<\/p>\n<\/li>\n<li data-start=\"760\" data-end=\"845\">\n<p data-start=\"762\" data-end=\"845\">System wydaje <strong data-start=\"776\" data-end=\"842\">bilet z kodem kreskowym, QR lub numerem rejestracyjnym pojazdu<\/strong>.<\/p>\n<\/li>\n<li data-start=\"849\" data-end=\"910\">\n<p data-start=\"851\" data-end=\"910\">Po pobraniu biletu <strong data-start=\"870\" data-end=\"907\">szlaban otwiera si\u0119 automatycznie<\/strong>.<\/p>\n<\/li>\n<li data-start=\"914\" data-end=\"964\">\n<p data-start=\"916\" data-end=\"964\">System zapisuje godzin\u0119 wjazdu w bazie danych.<\/p>\n<\/li>\n<\/ul>\n<\/li>\n<li data-start=\"966\" data-end=\"1122\">\n<p data-start=\"969\" data-end=\"984\"><strong data-start=\"969\" data-end=\"984\">Parkowanie:<\/strong><\/p>\n<ul data-start=\"988\" data-end=\"1122\">\n<li data-start=\"988\" data-end=\"1040\">\n<p data-start=\"990\" data-end=\"1040\">Pojazd zajmuje dowolne wolne miejsce parkingowe.<\/p>\n<\/li>\n<li data-start=\"1044\" data-end=\"1122\">\n<p data-start=\"1046\" data-end=\"1122\">System mo\u017ce monitorowa\u0107 zaj\u0119to\u015b\u0107 miejsc (je\u015bli zintegrowany z czujnikami).<\/p>\n<\/li>\n<\/ul>\n<\/li>\n<li data-start=\"1124\" data-end=\"1388\">\n<p data-start=\"1127\" data-end=\"1140\"><strong data-start=\"1127\" data-end=\"1140\">P\u0142atno\u015b\u0107:<\/strong><\/p>\n<ul data-start=\"1144\" data-end=\"1388\">\n<li data-start=\"1144\" data-end=\"1230\">\n<p data-start=\"1146\" data-end=\"1230\">Przed wyjazdem kierowca podchodzi do <strong data-start=\"1183\" data-end=\"1204\">automatu kasowego<\/strong> lub stanowiska obs\u0142ugi.<\/p>\n<\/li>\n<li data-start=\"1234\" data-end=\"1306\">\n<p data-start=\"1236\" data-end=\"1306\">Wk\u0142ada bilet, a system oblicza nale\u017cno\u015b\u0107 na podstawie czasu postoju.<\/p>\n<\/li>\n<li data-start=\"1310\" data-end=\"1388\">\n<p data-start=\"1312\" data-end=\"1388\">P\u0142atno\u015b\u0107 mo\u017cna zrealizowa\u0107 <strong data-start=\"1339\" data-end=\"1385\">got\u00f3wk\u0105, kart\u0105 lub przez aplikacj\u0119 mobiln\u0105<\/strong>.<\/p>\n<\/li>\n<\/ul>\n<\/li>\n<li data-start=\"1390\" data-end=\"1617\">\n<p data-start=\"1393\" data-end=\"1415\"><strong data-start=\"1393\" data-end=\"1415\">Wyjazd z parkingu:<\/strong><\/p>\n<ul data-start=\"1419\" data-end=\"1617\">\n<li data-start=\"1419\" data-end=\"1487\">\n<p data-start=\"1421\" data-end=\"1487\">Po op\u0142aceniu biletu kierowca podje\u017cd\u017ca do terminala wyjazdowego.<\/p>\n<\/li>\n<li data-start=\"1491\" data-end=\"1550\">\n<p data-start=\"1493\" data-end=\"1550\">Bilet jest <strong data-start=\"1504\" data-end=\"1517\">skanowany<\/strong>, a system weryfikuje p\u0142atno\u015b\u0107.<\/p>\n<\/li>\n<li data-start=\"1554\" data-end=\"1617\">\n<p data-start=\"1556\" data-end=\"1617\">Szlaban <strong data-start=\"1564\" data-end=\"1593\">otwiera si\u0119 automatycznie<\/strong>, umo\u017cliwiaj\u0105c wyjazd.<\/p>\n<\/li>\n<\/ul>\n<\/li>\n<\/ol>\n<hr data-start=\"1619\" data-end=\"1622\" \/>\n<h3 data-start=\"1624\" data-end=\"1664\"><strong data-start=\"1631\" data-end=\"1664\">Zalety systemu biletowego KN:<\/strong><\/h3>\n<p data-start=\"1665\" data-end=\"2015\">\u2705 Automatyzacja procesu parkowania i rozliczania<br data-start=\"1713\" data-end=\"1716\" \/>\u2705 Brak potrzeby sta\u0142ej obs\u0142ugi parkingu<br data-start=\"1755\" data-end=\"1758\" \/>\u2705 Mo\u017cliwo\u015b\u0107 integracji z kamerami LPR (rozpoznawanie tablic)<br data-start=\"1818\" data-end=\"1821\" \/>\u2705 Szybkie i wygodne pobieranie oraz rozliczanie bilet\u00f3w<br data-start=\"1876\" data-end=\"1879\" \/>\u2705 Mo\u017cliwo\u015b\u0107 konfiguracji taryf (godzinowych, dobowych, abonamentowych)<br data-start=\"1949\" data-end=\"1952\" \/>\u2705 Raportowanie i kontrola wp\u0142yw\u00f3w w systemie administracyjnym<\/p>\n<p>W celu z\u0142o\u017cenia zam\u00f3wienia lub uzyskania indywidualnej wyceny,<br data-start=\"1911\" data-end=\"1914\" \/><strong data-start=\"1914\" data-end=\"1963\">prosimy o kontakt z naszym dzia\u0142em handlowym. Nie prowadzimy sprzeda\u017cy poprzez opcj\u0119 \u201eKup teraz\u201d. Ka\u017cdy system jest dostosowywany indywidualnie do potrzeb klienta.<\/strong><\/p>\n","protected":false},"excerpt":{"rendered":"<p>System biletowy dzia\u0142a w oparciu o wydawanie biletu parkingowego przy wje\u017adzie oraz jego odczyt przy wyje\u017adzie. Ca\u0142y proces jest w pe\u0142ni zautomatyzowany i oparty na urz\u0105dzeniach takich jak terminale biletowe, szlabany oraz oprogramowanie do obs\u0142ugi op\u0142at. Jak to dzia\u0142a krok po kroku: Wjazd na parking: Kierowca podje\u017cd\u017ca do terminala wjazdowego. System wydaje bilet z kodem [&hellip;]<\/p>\n","protected":false},"featured_media":1937,"comment_status":"open","ping_status":"closed","template":"","meta":[],"product_brand":[],"product_cat":[31],"product_tag":[],"class_list":{"0":"post-288","1":"product","2":"type-product","3":"status-publish","4":"has-post-thumbnail","6":"product_cat-31","8":"first","9":"outofstock","10":"taxable","11":"shipping-taxable","12":"product-type-variable"},"_links":{"self":[{"href":"https:\/\/sokolparktech.pl\/index.php\/wp-json\/wp\/v2\/product\/288","targetHints":{"allow":["GET"]}}],"collection":[{"href":"https:\/\/sokolparktech.pl\/index.php\/wp-json\/wp\/v2\/product"}],"about":[{"href":"https:\/\/sokolparktech.pl\/index.php\/wp-json\/wp\/v2\/types\/product"}],"replies":[{"embeddable":true,"href":"https:\/\/sokolparktech.pl\/index.php\/wp-json\/wp\/v2\/comments?post=288"}],"wp:featuredmedia":[{"embeddable":true,"href":"https:\/\/sokolparktech.pl\/index.php\/wp-json\/wp\/v2\/media\/1937"}],"wp:attachment":[{"href":"https:\/\/sokolparktech.pl\/index.php\/wp-json\/wp\/v2\/media?parent=288"}],"wp:term":[{"taxonomy":"product_brand","embeddable":true,"href":"https:\/\/sokolparktech.pl\/index.php\/wp-json\/wp\/v2\/product_brand?post=288"},{"taxonomy":"product_cat","embeddable":true,"href":"https:\/\/sokolparktech.pl\/index.php\/wp-json\/wp\/v2\/product_cat?post=288"},{"taxonomy":"product_tag","embeddable":true,"href":"https:\/\/sokolparktech.pl\/index.php\/wp-json\/wp\/v2\/product_tag?post=288"}],"curies":[{"name":"wp","href":"https:\/\/api.w.org\/{rel}","templated":true}]}}