{"id":289,"date":"2025-10-17T13:16:59","date_gmt":"2025-10-17T11:16:59","guid":{"rendered":"https:\/\/sokolparktech.pl\/?post_type=product&#038;p=289"},"modified":"2026-02-02T11:30:56","modified_gmt":"2026-02-02T09:30:56","slug":"system-parkingowy-bezbiletowy","status":"publish","type":"product","link":"https:\/\/sokolparktech.pl\/index.php\/produkt\/system-parkingowy-bezbiletowy\/","title":{"rendered":"System parkingowy bezbiletowy"},"content":{"rendered":"<p data-start=\"22\" data-end=\"426\">System <strong data-start=\"29\" data-end=\"44\">bezbiletowy<\/strong> \u00a0to nowoczesne rozwi\u0105zanie, kt\u00f3re <strong data-start=\"119\" data-end=\"175\">eliminuje konieczno\u015b\u0107 pobierania papierowych bilet\u00f3w<\/strong> przy wje\u017adzie na parking. Zamiast tego ca\u0142a identyfikacja pojazdu i rozliczanie odbywa si\u0119 <strong data-start=\"267\" data-end=\"300\">automatycznie, elektronicznie<\/strong> \u2014 najcz\u0119\u015bciej na podstawie <strong data-start=\"328\" data-end=\"379\">rozpoznawania tablic rejestracyjnych (LPR\/ANPR)<\/strong> lub <strong data-start=\"384\" data-end=\"423\">czujnik\u00f3w RFID \/ kart zbli\u017ceniowych<\/strong>.<\/p>\n<hr data-start=\"428\" data-end=\"431\" \/>\n<h3 data-start=\"433\" data-end=\"478\"><strong data-start=\"440\" data-end=\"478\">Na czym polega system bezbiletowy:<\/strong><\/h3>\n<ol data-start=\"480\" data-end=\"1387\">\n<li data-start=\"480\" data-end=\"727\">\n<p data-start=\"483\" data-end=\"504\"><strong data-start=\"483\" data-end=\"504\">Wjazd na parking:<\/strong><\/p>\n<ul data-start=\"508\" data-end=\"727\">\n<li data-start=\"508\" data-end=\"590\">\n<p data-start=\"510\" data-end=\"590\">Kamery przy szlabanie automatycznie <strong data-start=\"546\" data-end=\"587\">odczytuj\u0105 numer rejestracyjny pojazdu<\/strong>.<\/p>\n<\/li>\n<li data-start=\"594\" data-end=\"644\">\n<p data-start=\"596\" data-end=\"644\">System zapisuje godzin\u0119 wjazdu w bazie danych.<\/p>\n<\/li>\n<li data-start=\"648\" data-end=\"727\">\n<p data-start=\"650\" data-end=\"727\">Szlaban otwiera si\u0119 automatycznie \u2014 <strong data-start=\"686\" data-end=\"724\">bez konieczno\u015bci pobierania biletu<\/strong>.<\/p>\n<\/li>\n<\/ul>\n<\/li>\n<li data-start=\"729\" data-end=\"892\">\n<p data-start=\"732\" data-end=\"747\"><strong data-start=\"732\" data-end=\"747\">Parkowanie:<\/strong><\/p>\n<ul data-start=\"751\" data-end=\"892\">\n<li data-start=\"751\" data-end=\"791\">\n<p data-start=\"753\" data-end=\"791\">Kierowca parkuje pojazd, jak zwykle.<\/p>\n<\/li>\n<li data-start=\"795\" data-end=\"892\">\n<p data-start=\"797\" data-end=\"892\">System ca\u0142y czas rejestruje czas postoju i zaj\u0119to\u015b\u0107 miejsc (je\u015bli zintegrowany z czujnikami).<\/p>\n<\/li>\n<\/ul>\n<\/li>\n<li data-start=\"894\" data-end=\"1188\">\n<p data-start=\"897\" data-end=\"910\"><strong data-start=\"897\" data-end=\"910\">P\u0142atno\u015b\u0107:<\/strong><\/p>\n<ul data-start=\"914\" data-end=\"1188\">\n<li data-start=\"914\" data-end=\"1018\">\n<p data-start=\"916\" data-end=\"1018\">Przed wyjazdem kierowca udaje si\u0119 do <strong data-start=\"953\" data-end=\"977\">automatu p\u0142atniczego<\/strong> lub korzysta z <strong data-start=\"993\" data-end=\"1015\">aplikacji mobilnej<\/strong>.<\/p>\n<\/li>\n<li data-start=\"1022\" data-end=\"1110\">\n<p data-start=\"1024\" data-end=\"1110\">Wprowadza <strong data-start=\"1034\" data-end=\"1065\">numer rejestracyjny pojazdu<\/strong>, a system automatycznie oblicza nale\u017cno\u015b\u0107.<\/p>\n<\/li>\n<li data-start=\"1114\" data-end=\"1188\">\n<p data-start=\"1116\" data-end=\"1188\">Po dokonaniu p\u0142atno\u015bci system zapisuje, \u017ce op\u0142ata zosta\u0142a uregulowana.<\/p>\n<\/li>\n<\/ul>\n<\/li>\n<li data-start=\"1190\" data-end=\"1387\">\n<p data-start=\"1193\" data-end=\"1204\"><strong data-start=\"1193\" data-end=\"1204\">Wyjazd:<\/strong><\/p>\n<ul data-start=\"1208\" data-end=\"1387\">\n<li data-start=\"1208\" data-end=\"1275\">\n<p data-start=\"1210\" data-end=\"1275\">Kamera przy wyje\u017adzie ponownie odczytuje tablic\u0119 rejestracyjn\u0105.<\/p>\n<\/li>\n<li data-start=\"1279\" data-end=\"1329\">\n<p data-start=\"1281\" data-end=\"1329\">System weryfikuje, czy post\u00f3j zosta\u0142 op\u0142acony.<\/p>\n<\/li>\n<li data-start=\"1333\" data-end=\"1387\">\n<p data-start=\"1335\" data-end=\"1387\">Je\u015bli tak \u2013 <strong data-start=\"1347\" data-end=\"1384\">szlaban otwiera si\u0119 automatycznie<\/strong>.<\/p>\n<\/li>\n<\/ul>\n<\/li>\n<\/ol>\n<hr data-start=\"1389\" data-end=\"1392\" \/>\n<h3 data-start=\"1394\" data-end=\"1434\">\ud83d\udca1 <strong data-start=\"1401\" data-end=\"1434\">Zalety systemu bezbiletowego:<\/strong><\/h3>\n<p data-start=\"1436\" data-end=\"1877\">\u2705 <strong data-start=\"1438\" data-end=\"1466\">Brak bilet\u00f3w papierowych<\/strong> \u2013 ni\u017csze koszty eksploatacji i ekologia<br data-start=\"1506\" data-end=\"1509\" \/>\u2705 <strong data-start=\"1511\" data-end=\"1537\">Szybszy wjazd i wyjazd<\/strong> \u2013 brak konieczno\u015bci zatrzymywania si\u0119 po bilet<br data-start=\"1584\" data-end=\"1587\" \/>\u2705 <strong data-start=\"1589\" data-end=\"1612\">Wygoda dla kierowcy<\/strong> \u2013 wystarczy numer rejestracyjny lub aplikacja<br data-start=\"1658\" data-end=\"1661\" \/>\u2705 <strong data-start=\"1663\" data-end=\"1686\">Pe\u0142na automatyzacja<\/strong> \u2013 mniejsza potrzeba obs\u0142ugi parkingu<br data-start=\"1723\" data-end=\"1726\" \/>\u2705 <strong data-start=\"1728\" data-end=\"1771\">Integracja z systemami p\u0142atno\u015bci online<\/strong> i abonamentami<br data-start=\"1786\" data-end=\"1789\" \/>\u2705 <strong data-start=\"1791\" data-end=\"1814\" data-is-only-node=\"\">Wysoka niezawodno\u015b\u0107<\/strong> \u2013 brak element\u00f3w mechanicznych (drukarek, czytnik\u00f3w bilet\u00f3w)<\/p>\n<p>W celu z\u0142o\u017cenia zam\u00f3wienia lub uzyskania indywidualnej wyceny,<br data-start=\"1911\" data-end=\"1914\" \/><strong data-start=\"1914\" data-end=\"1963\">prosimy o kontakt z naszym dzia\u0142em handlowym. Nie prowadzimy sprzeda\u017cy poprzez opcj\u0119 \u201eKup teraz\u201d. Ka\u017cdy system jest dostosowywany indywidualnie do potrzeb klienta.<\/strong><\/p>\n","protected":false},"excerpt":{"rendered":"<p>System bezbiletowy \u00a0to nowoczesne rozwi\u0105zanie, kt\u00f3re eliminuje konieczno\u015b\u0107 pobierania papierowych bilet\u00f3w przy wje\u017adzie na parking. Zamiast tego ca\u0142a identyfikacja pojazdu i rozliczanie odbywa si\u0119 automatycznie, elektronicznie \u2014 najcz\u0119\u015bciej na podstawie rozpoznawania tablic rejestracyjnych (LPR\/ANPR) lub czujnik\u00f3w RFID \/ kart zbli\u017ceniowych. Na czym polega system bezbiletowy: Wjazd na parking: Kamery przy szlabanie automatycznie odczytuj\u0105 numer rejestracyjny [&hellip;]<\/p>\n","protected":false},"featured_media":1936,"comment_status":"open","ping_status":"closed","template":"","meta":[],"product_brand":[],"product_cat":[30],"product_tag":[],"class_list":{"0":"post-289","1":"product","2":"type-product","3":"status-publish","4":"has-post-thumbnail","6":"product_cat-30","8":"first","9":"outofstock","10":"taxable","11":"shipping-taxable","12":"product-type-variable"},"_links":{"self":[{"href":"https:\/\/sokolparktech.pl\/index.php\/wp-json\/wp\/v2\/product\/289","targetHints":{"allow":["GET"]}}],"collection":[{"href":"https:\/\/sokolparktech.pl\/index.php\/wp-json\/wp\/v2\/product"}],"about":[{"href":"https:\/\/sokolparktech.pl\/index.php\/wp-json\/wp\/v2\/types\/product"}],"replies":[{"embeddable":true,"href":"https:\/\/sokolparktech.pl\/index.php\/wp-json\/wp\/v2\/comments?post=289"}],"wp:featuredmedia":[{"embeddable":true,"href":"https:\/\/sokolparktech.pl\/index.php\/wp-json\/wp\/v2\/media\/1936"}],"wp:attachment":[{"href":"https:\/\/sokolparktech.pl\/index.php\/wp-json\/wp\/v2\/media?parent=289"}],"wp:term":[{"taxonomy":"product_brand","embeddable":true,"href":"https:\/\/sokolparktech.pl\/index.php\/wp-json\/wp\/v2\/product_brand?post=289"},{"taxonomy":"product_cat","embeddable":true,"href":"https:\/\/sokolparktech.pl\/index.php\/wp-json\/wp\/v2\/product_cat?post=289"},{"taxonomy":"product_tag","embeddable":true,"href":"https:\/\/sokolparktech.pl\/index.php\/wp-json\/wp\/v2\/product_tag?post=289"}],"curies":[{"name":"wp","href":"https:\/\/api.w.org\/{rel}","templated":true}]}}