{"id":290,"date":"2025-10-17T13:20:00","date_gmt":"2025-10-17T11:20:00","guid":{"rendered":"https:\/\/sokolparktech.pl\/?post_type=product&#038;p=290"},"modified":"2026-02-02T10:38:01","modified_gmt":"2026-02-02T08:38:01","slug":"system-rezerwacji-miejsc-postojowych","status":"publish","type":"product","link":"https:\/\/sokolparktech.pl\/index.php\/produkt\/system-rezerwacji-miejsc-postojowych\/","title":{"rendered":"System rezerwacji miejsc postojowych"},"content":{"rendered":"<p data-start=\"22\" data-end=\"376\"><strong data-start=\"22\" data-end=\"57\">System rezerwacyjny na parkingu<\/strong> to rozwi\u0105zanie, kt\u00f3re umo\u017cliwia <strong data-start=\"90\" data-end=\"145\">zarezerwowanie miejsca parkingowego z wyprzedzeniem<\/strong> \u2013 za pomoc\u0105 aplikacji mobilnej, strony internetowej lub panelu rezerwacyjnego. Dzi\u0119ki temu kierowca ma <strong data-start=\"249\" data-end=\"278\">gwarancj\u0119 wolnego miejsca<\/strong> w wybranym terminie i <strong data-start=\"301\" data-end=\"328\">pe\u0142n\u0105 wygod\u0119 parkowania<\/strong> bez konieczno\u015bci szukania miejsca na miejscu.<\/p>\n<hr data-start=\"378\" data-end=\"381\" \/>\n<h3 data-start=\"383\" data-end=\"441\"><strong data-start=\"391\" data-end=\"441\">Na czym polega system rezerwacyjny parkingowy:<\/strong><\/h3>\n<ol data-start=\"443\" data-end=\"1330\">\n<li data-start=\"443\" data-end=\"778\">\n<p data-start=\"446\" data-end=\"469\"><strong data-start=\"446\" data-end=\"469\">Rezerwacja miejsca:<\/strong><\/p>\n<ul data-start=\"473\" data-end=\"778\">\n<li data-start=\"473\" data-end=\"535\">\n<p data-start=\"475\" data-end=\"535\">Kierowca wybiera parking, termin przyjazdu i czas postoju.<\/p>\n<\/li>\n<li data-start=\"539\" data-end=\"602\">\n<p data-start=\"541\" data-end=\"602\">System pokazuje dost\u0119pne miejsca w czasie rzeczywistym.<\/p>\n<\/li>\n<li data-start=\"606\" data-end=\"691\">\n<p data-start=\"608\" data-end=\"691\">Po dokonaniu wyboru u\u017cytkownik potwierdza rezerwacj\u0119 i dokonuje p\u0142atno\u015bci online.<\/p>\n<\/li>\n<li data-start=\"695\" data-end=\"778\">\n<p data-start=\"697\" data-end=\"778\">Otrzymuje potwierdzenie w formie kodu QR, numeru rejestracyjnego lub PIN-u.<\/p>\n<\/li>\n<\/ul>\n<\/li>\n<li data-start=\"780\" data-end=\"1001\">\n<p data-start=\"783\" data-end=\"807\"><strong data-start=\"783\" data-end=\"807\">Przyjazd na parking:<\/strong><\/p>\n<ul data-start=\"811\" data-end=\"1001\">\n<li data-start=\"811\" data-end=\"903\">\n<p data-start=\"813\" data-end=\"903\">Przy wje\u017adzie system rozpoznaje numer rejestracyjny pojazdu lub kod QR z rezerwacji.<\/p>\n<\/li>\n<li data-start=\"907\" data-end=\"1001\">\n<p data-start=\"909\" data-end=\"1001\">Szlaban otwiera si\u0119 automatycznie, a kierowca jest kierowany na zarezerwowane miejsce.<\/p>\n<\/li>\n<\/ul>\n<\/li>\n<li data-start=\"1003\" data-end=\"1168\">\n<p data-start=\"1006\" data-end=\"1021\"><strong data-start=\"1006\" data-end=\"1021\">Parkowanie:<\/strong><\/p>\n<ul data-start=\"1025\" data-end=\"1168\">\n<li data-start=\"1025\" data-end=\"1086\">\n<p data-start=\"1027\" data-end=\"1086\">System monitoruje zaj\u0119to\u015b\u0107 miejsc i czas trwania postoju.<\/p>\n<\/li>\n<li data-start=\"1090\" data-end=\"1168\">\n<p data-start=\"1092\" data-end=\"1168\">Mo\u017cliwa jest te\u017c automatyczna przed\u0142u\u017cenie rezerwacji przez aplikacj\u0119.<\/p>\n<\/li>\n<\/ul>\n<\/li>\n<li data-start=\"1170\" data-end=\"1330\">\n<p data-start=\"1173\" data-end=\"1184\"><strong data-start=\"1173\" data-end=\"1184\">Wyjazd:<\/strong><\/p>\n<ul data-start=\"1188\" data-end=\"1330\">\n<li data-start=\"1188\" data-end=\"1330\">\n<p data-start=\"1190\" data-end=\"1330\">Po zako\u0144czeniu rezerwacji kierowca wyje\u017cd\u017ca \u2013 system rejestruje czas i automatycznie rozlicza p\u0142atno\u015b\u0107 (je\u015bli naliczanie jest dynamiczne).<\/p>\n<\/li>\n<\/ul>\n<\/li>\n<\/ol>\n<hr data-start=\"1332\" data-end=\"1335\" \/>\n<h3 data-start=\"1337\" data-end=\"1378\"><strong data-start=\"1344\" data-end=\"1378\">Zalety systemu rezerwacyjnego:<\/strong><\/h3>\n<p data-start=\"1380\" data-end=\"1834\">\u2705 Gwarancja wolnego miejsca \u2013 koniec z kr\u0105\u017ceniem po parkingu<br data-start=\"1444\" data-end=\"1447\" \/>\u2705 Wygoda u\u017cytkownika \u2013 rezerwacja przez aplikacj\u0119 lub stron\u0119 www<br data-start=\"1515\" data-end=\"1518\" \/>\u2705 Oszcz\u0119dno\u015b\u0107 czasu \u2013 szybki wjazd i wyjazd dzi\u0119ki automatycznej identyfikacji<br data-start=\"1600\" data-end=\"1603\" \/>\u2705 Bezpiecze\u0144stwo \u2013 brak konieczno\u015bci u\u017cycia got\u00f3wki, p\u0142atno\u015bci online<br data-start=\"1676\" data-end=\"1679\" \/>\u2705 Optymalne zarz\u0105dzanie miejscami \u2013 administrator ma pe\u0142n\u0105 kontrol\u0119 nad ob\u0142o\u017ceniem<br data-start=\"1765\" data-end=\"1768\" \/>\u2705 Mo\u017cliwo\u015b\u0107 integracji z systemem biletowym lub bezbiletowym<\/p>\n<hr data-start=\"1836\" data-end=\"1839\" \/>\n<h3 data-start=\"1841\" data-end=\"1866\"><strong data-start=\"1849\" data-end=\"1866\">Zastosowanie:<\/strong><\/h3>\n<ul data-start=\"1867\" data-end=\"1992\">\n<li data-start=\"1867\" data-end=\"1896\">\n<p data-start=\"1869\" data-end=\"1896\">Parkingi w centrach miast<\/p>\n<\/li>\n<li data-start=\"1897\" data-end=\"1918\">\n<p data-start=\"1899\" data-end=\"1918\">Lotniska i dworce<\/p>\n<\/li>\n<li data-start=\"1919\" data-end=\"1949\">\n<p data-start=\"1921\" data-end=\"1949\">Hotele, biurowce, uczelnie<\/p>\n<\/li>\n<li data-start=\"1950\" data-end=\"1992\">\n<p data-start=\"1952\" data-end=\"1992\">Parkingi komercyjne i prywatne osiedla<\/p>\n<\/li>\n<\/ul>\n<p><strong>W celu z\u0142o\u017cenia zam\u00f3wienia lub uzyskania indywidualnej wyceny, prosimy o kontakt z naszym dzia\u0142em handlowym. Nie prowadzimy sprzeda\u017cy poprzez opcj\u0119 \u201eKup teraz\u201d. Ka\u017cdy system jest dostosowywany indywidualnie do potrzeb klienta.<\/strong><\/p>\n","protected":false},"excerpt":{"rendered":"<p>System rezerwacyjny na parkingu to rozwi\u0105zanie, kt\u00f3re umo\u017cliwia zarezerwowanie miejsca parkingowego z wyprzedzeniem \u2013 za pomoc\u0105 aplikacji mobilnej, strony internetowej lub panelu rezerwacyjnego. Dzi\u0119ki temu kierowca ma gwarancj\u0119 wolnego miejsca w wybranym terminie i pe\u0142n\u0105 wygod\u0119 parkowania bez konieczno\u015bci szukania miejsca na miejscu. Na czym polega system rezerwacyjny parkingowy: Rezerwacja miejsca: Kierowca wybiera parking, termin [&hellip;]<\/p>\n","protected":false},"featured_media":1933,"comment_status":"open","ping_status":"closed","template":"","meta":[],"product_brand":[],"product_cat":[29],"product_tag":[],"class_list":{"0":"post-290","1":"product","2":"type-product","3":"status-publish","4":"has-post-thumbnail","6":"product_cat-29","8":"first","9":"outofstock","10":"taxable","11":"shipping-taxable","12":"product-type-variable"},"_links":{"self":[{"href":"https:\/\/sokolparktech.pl\/index.php\/wp-json\/wp\/v2\/product\/290","targetHints":{"allow":["GET"]}}],"collection":[{"href":"https:\/\/sokolparktech.pl\/index.php\/wp-json\/wp\/v2\/product"}],"about":[{"href":"https:\/\/sokolparktech.pl\/index.php\/wp-json\/wp\/v2\/types\/product"}],"replies":[{"embeddable":true,"href":"https:\/\/sokolparktech.pl\/index.php\/wp-json\/wp\/v2\/comments?post=290"}],"wp:featuredmedia":[{"embeddable":true,"href":"https:\/\/sokolparktech.pl\/index.php\/wp-json\/wp\/v2\/media\/1933"}],"wp:attachment":[{"href":"https:\/\/sokolparktech.pl\/index.php\/wp-json\/wp\/v2\/media?parent=290"}],"wp:term":[{"taxonomy":"product_brand","embeddable":true,"href":"https:\/\/sokolparktech.pl\/index.php\/wp-json\/wp\/v2\/product_brand?post=290"},{"taxonomy":"product_cat","embeddable":true,"href":"https:\/\/sokolparktech.pl\/index.php\/wp-json\/wp\/v2\/product_cat?post=290"},{"taxonomy":"product_tag","embeddable":true,"href":"https:\/\/sokolparktech.pl\/index.php\/wp-json\/wp\/v2\/product_tag?post=290"}],"curies":[{"name":"wp","href":"https:\/\/api.w.org\/{rel}","templated":true}]}}