{"id":293,"date":"2025-10-17T13:33:19","date_gmt":"2025-10-17T11:33:19","guid":{"rendered":"https:\/\/sokolparktech.pl\/?post_type=product&#038;p=293"},"modified":"2026-01-04T12:37:20","modified_gmt":"2026-01-04T10:37:20","slug":"szlabany-reczne","status":"publish","type":"product","link":"https:\/\/sokolparktech.pl\/index.php\/produkt\/szlabany-reczne\/","title":{"rendered":"Szlabany r\u0119czne"},"content":{"rendered":"<h3 data-start=\"157\" data-end=\"216\">R\u0119czny szlaban parkingowy z regulowanym ramieniem 3\u20136 m<\/h3>\n<p data-start=\"218\" data-end=\"477\">Solidny <strong data-start=\"226\" data-end=\"257\">szlaban obs\u0142ugiwany r\u0119cznie<\/strong>, przeznaczony do kontroli wjazdu na parkingi, drogi wewn\u0119trzne, tereny prywatne i przemys\u0142owe. Konstrukcja sk\u0142ada si\u0119 z wytrzyma\u0142ego korpusu oraz <strong data-start=\"404\" data-end=\"429\">aluminiowego ramienia<\/strong>, kt\u00f3re mo\u017cna dopasowa\u0107 do szeroko\u015bci przejazdu.<\/p>\n<h4 data-start=\"479\" data-end=\"504\">Najwa\u017cniejsze cechy:<\/h4>\n<ul data-start=\"505\" data-end=\"702\">\n<li data-start=\"505\" data-end=\"543\">\n<p data-start=\"507\" data-end=\"543\"><strong data-start=\"507\" data-end=\"543\">Podstawowa d\u0142ugo\u015b\u0107 ramienia: 3 m<\/strong><\/p>\n<\/li>\n<li data-start=\"544\" data-end=\"627\">\n<p data-start=\"546\" data-end=\"627\">Mo\u017cliwo\u015b\u0107 przed\u0142u\u017cenia o <strong data-start=\"571\" data-end=\"598\">dodatkowy wysi\u0119gnik 1 m<\/strong> (a\u017c do 6 m \u0142\u0105cznej d\u0142ugo\u015bci)<\/p>\n<\/li>\n<li data-start=\"628\" data-end=\"702\">\n<p data-start=\"630\" data-end=\"702\">Regulacja szeroko\u015bci wygrodzenia w zale\u017cno\u015bci od potrzeb miejsca monta\u017cu<\/p>\n<\/li>\n<\/ul>\n<p data-start=\"704\" data-end=\"925\">Rami\u0119 szlabanu jest <strong data-start=\"724\" data-end=\"762\">cz\u0119\u015bciowo wywa\u017cone spr\u0119\u017cyn\u0105 gazow\u0105<\/strong>, co znacz\u0105co u\u0142atwia jego podnoszenie i opuszczanie. Po uniesieniu do pozycji pionowej rami\u0119 <strong data-start=\"856\" data-end=\"885\">blokuje si\u0119 automatycznie<\/strong> \u2013 wystarczy przekr\u0119ci\u0107 klucz w zamku.<\/p>\n<p data-start=\"927\" data-end=\"1067\">Podczas r\u0119cznego opuszczania do pozycji poziomej nast\u0119puje <strong data-start=\"986\" data-end=\"1009\">zaskoczenie zapadki<\/strong>, a ca\u0142o\u015b\u0107 mo\u017cna zabezpieczy\u0107 poprzez zamkni\u0119cie na klucz.<\/p>\n<p data-start=\"1069\" data-end=\"1170\">Dodatkowym atutem jest <strong data-start=\"1092\" data-end=\"1115\">ergonomiczny uchwyt<\/strong>, kt\u00f3ry zapewnia wygodn\u0105 i bezpieczn\u0105 obs\u0142ug\u0119 szlabanu.<\/p>\n<h4 data-start=\"1172\" data-end=\"1188\">W zestawie:<\/h4>\n<ul data-start=\"1189\" data-end=\"1308\">\n<li data-start=\"1189\" data-end=\"1206\">\n<p data-start=\"1191\" data-end=\"1206\">korpus szlabanu<\/p>\n<\/li>\n<li data-start=\"1207\" data-end=\"1229\">\n<p data-start=\"1209\" data-end=\"1229\">aluminiowe rami\u0119 3 m<\/p>\n<\/li>\n<li data-start=\"1230\" data-end=\"1290\">\n<p data-start=\"1232\" data-end=\"1290\"><strong data-start=\"1232\" data-end=\"1260\">ruchoma podpora ramienia<\/strong> z regulacj\u0105 wysoko\u015bci \u00b1100 mm<\/p>\n<\/li>\n<li data-start=\"1291\" data-end=\"1308\">\n<p data-start=\"1293\" data-end=\"1308\">zamek z kluczem<\/p>\n<\/li>\n<\/ul>\n<h4 data-start=\"1310\" data-end=\"1328\">Zastosowanie:<\/h4>\n<p data-start=\"1329\" data-end=\"1352\">Idealne rozwi\u0105zanie do:<\/p>\n<ul data-start=\"1353\" data-end=\"1480\">\n<li data-start=\"1353\" data-end=\"1389\">\n<p data-start=\"1355\" data-end=\"1389\">parking\u00f3w prywatnych i firmowych<\/p>\n<\/li>\n<li data-start=\"1390\" data-end=\"1416\">\n<p data-start=\"1392\" data-end=\"1416\">osiedli mieszkaniowych<\/p>\n<\/li>\n<li data-start=\"1417\" data-end=\"1439\">\n<p data-start=\"1419\" data-end=\"1439\">wjazd\u00f3w na posesje<\/p>\n<\/li>\n<li data-start=\"1440\" data-end=\"1480\">\n<p data-start=\"1442\" data-end=\"1480\">teren\u00f3w przemys\u0142owych i magazynowych<\/p>\n<\/li>\n<\/ul>\n<p data-start=\"1482\" data-end=\"1624\">Szlaban cechuje si\u0119 <strong data-start=\"1502\" data-end=\"1597\">prost\u0105 obs\u0142ug\u0105, trwa\u0142\u0105 konstrukcj\u0105 i mo\u017cliwo\u015bci\u0105 elastycznego dopasowania d\u0142ugo\u015bci ramienia<\/strong> do konkretnej lokalizacji.<\/p>\n","protected":false},"excerpt":{"rendered":"<p>R\u0119czny szlaban parkingowy z regulowanym ramieniem 3\u20136 m Solidny szlaban obs\u0142ugiwany r\u0119cznie, przeznaczony do kontroli wjazdu na parkingi, drogi wewn\u0119trzne, tereny prywatne i przemys\u0142owe. Konstrukcja sk\u0142ada si\u0119 z wytrzyma\u0142ego korpusu oraz aluminiowego ramienia, kt\u00f3re mo\u017cna dopasowa\u0107 do szeroko\u015bci przejazdu. Najwa\u017cniejsze cechy: Podstawowa d\u0142ugo\u015b\u0107 ramienia: 3 m Mo\u017cliwo\u015b\u0107 przed\u0142u\u017cenia o dodatkowy wysi\u0119gnik 1 m (a\u017c do [&hellip;]<\/p>\n","protected":false},"featured_media":919,"comment_status":"open","ping_status":"closed","template":"","meta":[],"product_brand":[],"product_cat":[36,34],"product_tag":[],"class_list":{"0":"post-293","1":"product","2":"type-product","3":"status-publish","4":"has-post-thumbnail","6":"product_cat-reczne","7":"product_cat-szlabany","9":"first","10":"instock","11":"taxable","12":"shipping-taxable","13":"product-type-simple"},"_links":{"self":[{"href":"https:\/\/sokolparktech.pl\/index.php\/wp-json\/wp\/v2\/product\/293","targetHints":{"allow":["GET"]}}],"collection":[{"href":"https:\/\/sokolparktech.pl\/index.php\/wp-json\/wp\/v2\/product"}],"about":[{"href":"https:\/\/sokolparktech.pl\/index.php\/wp-json\/wp\/v2\/types\/product"}],"replies":[{"embeddable":true,"href":"https:\/\/sokolparktech.pl\/index.php\/wp-json\/wp\/v2\/comments?post=293"}],"wp:featuredmedia":[{"embeddable":true,"href":"https:\/\/sokolparktech.pl\/index.php\/wp-json\/wp\/v2\/media\/919"}],"wp:attachment":[{"href":"https:\/\/sokolparktech.pl\/index.php\/wp-json\/wp\/v2\/media?parent=293"}],"wp:term":[{"taxonomy":"product_brand","embeddable":true,"href":"https:\/\/sokolparktech.pl\/index.php\/wp-json\/wp\/v2\/product_brand?post=293"},{"taxonomy":"product_cat","embeddable":true,"href":"https:\/\/sokolparktech.pl\/index.php\/wp-json\/wp\/v2\/product_cat?post=293"},{"taxonomy":"product_tag","embeddable":true,"href":"https:\/\/sokolparktech.pl\/index.php\/wp-json\/wp\/v2\/product_tag?post=293"}],"curies":[{"name":"wp","href":"https:\/\/api.w.org\/{rel}","templated":true}]}}