{"id":298,"date":"2025-10-17T15:15:13","date_gmt":"2025-10-17T13:15:13","guid":{"rendered":"https:\/\/sokolparktech.pl\/?post_type=product&#038;p=298"},"modified":"2026-02-02T10:42:46","modified_gmt":"2026-02-02T08:42:46","slug":"napedy-do-bram","status":"publish","type":"product","link":"https:\/\/sokolparktech.pl\/index.php\/produkt\/napedy-do-bram\/","title":{"rendered":"NAP\u0118DY DO BRAM"},"content":{"rendered":"<p><strong data-start=\"199\" data-end=\"217\">Nap\u0119dy do bram<\/strong> to urz\u0105dzenia elektryczne, kt\u00f3re umo\u017cliwiaj\u0105 <strong data-start=\"263\" data-end=\"307\">automatyczne otwieranie i zamykanie bram<\/strong> wjazdowych, gara\u017cowych lub przemys\u0142owych. Dzi\u0119ki nim u\u017cytkownik mo\u017ce sterowa\u0107 bram\u0105 <strong data-start=\"392\" data-end=\"449\">bez konieczno\u015bci r\u0119cznego podnoszenia lub przesuwania<\/strong>, co zwi\u0119ksza wygod\u0119, bezpiecze\u0144stwo i kontrol\u0119 dost\u0119pu.<\/p>\n","protected":false},"excerpt":{"rendered":"<p>Nap\u0119dy do bram to urz\u0105dzenia elektryczne, kt\u00f3re umo\u017cliwiaj\u0105 automatyczne otwieranie i zamykanie bram wjazdowych, gara\u017cowych lub przemys\u0142owych. Dzi\u0119ki nim u\u017cytkownik mo\u017ce sterowa\u0107 bram\u0105 bez konieczno\u015bci r\u0119cznego podnoszenia lub przesuwania, co zwi\u0119ksza wygod\u0119, bezpiecze\u0144stwo i kontrol\u0119 dost\u0119pu.<\/p>\n","protected":false},"featured_media":1934,"comment_status":"open","ping_status":"closed","template":"","meta":[],"product_brand":[],"product_cat":[39],"product_tag":[],"class_list":{"0":"post-298","1":"product","2":"type-product","3":"status-publish","4":"has-post-thumbnail","6":"product_cat-napedy-do-bram","8":"first","9":"instock","10":"taxable","11":"shipping-taxable","12":"product-type-simple"},"_links":{"self":[{"href":"https:\/\/sokolparktech.pl\/index.php\/wp-json\/wp\/v2\/product\/298","targetHints":{"allow":["GET"]}}],"collection":[{"href":"https:\/\/sokolparktech.pl\/index.php\/wp-json\/wp\/v2\/product"}],"about":[{"href":"https:\/\/sokolparktech.pl\/index.php\/wp-json\/wp\/v2\/types\/product"}],"replies":[{"embeddable":true,"href":"https:\/\/sokolparktech.pl\/index.php\/wp-json\/wp\/v2\/comments?post=298"}],"wp:featuredmedia":[{"embeddable":true,"href":"https:\/\/sokolparktech.pl\/index.php\/wp-json\/wp\/v2\/media\/1934"}],"wp:attachment":[{"href":"https:\/\/sokolparktech.pl\/index.php\/wp-json\/wp\/v2\/media?parent=298"}],"wp:term":[{"taxonomy":"product_brand","embeddable":true,"href":"https:\/\/sokolparktech.pl\/index.php\/wp-json\/wp\/v2\/product_brand?post=298"},{"taxonomy":"product_cat","embeddable":true,"href":"https:\/\/sokolparktech.pl\/index.php\/wp-json\/wp\/v2\/product_cat?post=298"},{"taxonomy":"product_tag","embeddable":true,"href":"https:\/\/sokolparktech.pl\/index.php\/wp-json\/wp\/v2\/product_tag?post=298"}],"curies":[{"name":"wp","href":"https:\/\/api.w.org\/{rel}","templated":true}]}}