{"id":303,"date":"2025-10-17T15:21:12","date_gmt":"2025-10-17T13:21:12","guid":{"rendered":"https:\/\/sokolparktech.pl\/?post_type=product&#038;p=303"},"modified":"2026-02-13T15:37:26","modified_gmt":"2026-02-13T13:37:26","slug":"akcesoria-do-bram","status":"publish","type":"product","link":"https:\/\/sokolparktech.pl\/index.php\/produkt\/akcesoria-do-bram\/","title":{"rendered":"Akcesoria do bram"},"content":{"rendered":"<ol>\n<li>z\u0119batka<\/li>\n<li>2. \u0142a\u0144cuch<\/li>\n<li>3. fotokom\u00f3rka<\/li>\n<\/ol>\n","protected":false},"excerpt":{"rendered":"<p>z\u0119batka 2. \u0142a\u0144cuch 3. fotokom\u00f3rka<\/p>\n","protected":false},"featured_media":1985,"comment_status":"open","ping_status":"closed","template":"","meta":[],"product_brand":[],"product_cat":[39],"product_tag":[],"class_list":{"0":"post-303","1":"product","2":"type-product","3":"status-publish","4":"has-post-thumbnail","6":"product_cat-napedy-do-bram","8":"first","9":"instock","10":"taxable","11":"shipping-taxable","12":"product-type-simple"},"_links":{"self":[{"href":"https:\/\/sokolparktech.pl\/index.php\/wp-json\/wp\/v2\/product\/303","targetHints":{"allow":["GET"]}}],"collection":[{"href":"https:\/\/sokolparktech.pl\/index.php\/wp-json\/wp\/v2\/product"}],"about":[{"href":"https:\/\/sokolparktech.pl\/index.php\/wp-json\/wp\/v2\/types\/product"}],"replies":[{"embeddable":true,"href":"https:\/\/sokolparktech.pl\/index.php\/wp-json\/wp\/v2\/comments?post=303"}],"wp:featuredmedia":[{"embeddable":true,"href":"https:\/\/sokolparktech.pl\/index.php\/wp-json\/wp\/v2\/media\/1985"}],"wp:attachment":[{"href":"https:\/\/sokolparktech.pl\/index.php\/wp-json\/wp\/v2\/media?parent=303"}],"wp:term":[{"taxonomy":"product_brand","embeddable":true,"href":"https:\/\/sokolparktech.pl\/index.php\/wp-json\/wp\/v2\/product_brand?post=303"},{"taxonomy":"product_cat","embeddable":true,"href":"https:\/\/sokolparktech.pl\/index.php\/wp-json\/wp\/v2\/product_cat?post=303"},{"taxonomy":"product_tag","embeddable":true,"href":"https:\/\/sokolparktech.pl\/index.php\/wp-json\/wp\/v2\/product_tag?post=303"}],"curies":[{"name":"wp","href":"https:\/\/api.w.org\/{rel}","templated":true}]}}