{"id":310,"date":"2025-10-17T18:35:10","date_gmt":"2025-10-17T16:35:10","guid":{"rendered":"https:\/\/sokolparktech.pl\/?post_type=product&#038;p=310"},"modified":"2026-01-04T12:51:09","modified_gmt":"2026-01-04T10:51:09","slug":"slupki-parkingowe-automatyczne","status":"publish","type":"product","link":"https:\/\/sokolparktech.pl\/index.php\/produkt\/slupki-parkingowe-automatyczne\/","title":{"rendered":"S\u0141UPKI PARKINGOWE automatyczne"},"content":{"rendered":"<p data-start=\"236\" data-end=\"548\"><strong data-start=\"236\" data-end=\"270\">Automatyczne s\u0142upki parkingowe<\/strong> to nowoczesne urz\u0105dzenia s\u0142u\u017c\u0105ce do <strong data-start=\"307\" data-end=\"352\">kontroli dost\u0119pu i zabezpieczania wjazd\u00f3w<\/strong>. Dzi\u0119ki zintegrowanemu nap\u0119dowi elektrycznemu lub hydraulicznemu umo\u017cliwiaj\u0105 <strong data-start=\"430\" data-end=\"479\">automatyczne podnoszenie i opuszczanie s\u0142upka<\/strong>, zapewniaj\u0105c wygod\u0119 u\u017cytkowania oraz wysoki poziom bezpiecze\u0144stwa.<\/p>\n<hr data-start=\"550\" data-end=\"553\" \/>\n<h3 data-start=\"555\" data-end=\"583\"><strong data-start=\"562\" data-end=\"583\">Zasada dzia\u0142ania:<\/strong><\/h3>\n<p data-start=\"584\" data-end=\"908\">Po autoryzacji (np. pilotem, kart\u0105 RFID, aplikacj\u0105 lub systemem LPR) s\u0142upek <strong data-start=\"660\" data-end=\"686\">opuszcza si\u0119 w pod\u0142o\u017ce<\/strong>, umo\u017cliwiaj\u0105c przejazd pojazdu.<br data-start=\"718\" data-end=\"721\" \/>Po przeje\u017adzie \u2013 automatycznie <strong data-start=\"752\" data-end=\"787\">unosi si\u0119 do pozycji zamkni\u0119tej<\/strong>, blokuj\u0105c wjazd.<br data-start=\"804\" data-end=\"807\" \/>System mo\u017ce dzia\u0142a\u0107 <strong data-start=\"827\" data-end=\"843\">samodzielnie<\/strong> lub by\u0107 <strong data-start=\"852\" data-end=\"905\">zintegrowany z systemem parkingowym lub szlabanem<\/strong>.<\/p>\n","protected":false},"excerpt":{"rendered":"<p>Automatyczne s\u0142upki parkingowe to nowoczesne urz\u0105dzenia s\u0142u\u017c\u0105ce do kontroli dost\u0119pu i zabezpieczania wjazd\u00f3w. Dzi\u0119ki zintegrowanemu nap\u0119dowi elektrycznemu lub hydraulicznemu umo\u017cliwiaj\u0105 automatyczne podnoszenie i opuszczanie s\u0142upka, zapewniaj\u0105c wygod\u0119 u\u017cytkowania oraz wysoki poziom bezpiecze\u0144stwa. Zasada dzia\u0142ania: Po autoryzacji (np. pilotem, kart\u0105 RFID, aplikacj\u0105 lub systemem LPR) s\u0142upek opuszcza si\u0119 w pod\u0142o\u017ce, umo\u017cliwiaj\u0105c przejazd pojazdu.Po przeje\u017adzie \u2013 automatycznie [&hellip;]<\/p>\n","protected":false},"featured_media":911,"comment_status":"open","ping_status":"closed","template":"","meta":[],"product_brand":[],"product_cat":[46],"product_tag":[],"class_list":{"0":"post-310","1":"product","2":"type-product","3":"status-publish","4":"has-post-thumbnail","6":"product_cat-automatyczne-slupki-parkingowe","8":"first","9":"instock","10":"taxable","11":"shipping-taxable","12":"product-type-simple"},"_links":{"self":[{"href":"https:\/\/sokolparktech.pl\/index.php\/wp-json\/wp\/v2\/product\/310","targetHints":{"allow":["GET"]}}],"collection":[{"href":"https:\/\/sokolparktech.pl\/index.php\/wp-json\/wp\/v2\/product"}],"about":[{"href":"https:\/\/sokolparktech.pl\/index.php\/wp-json\/wp\/v2\/types\/product"}],"replies":[{"embeddable":true,"href":"https:\/\/sokolparktech.pl\/index.php\/wp-json\/wp\/v2\/comments?post=310"}],"wp:featuredmedia":[{"embeddable":true,"href":"https:\/\/sokolparktech.pl\/index.php\/wp-json\/wp\/v2\/media\/911"}],"wp:attachment":[{"href":"https:\/\/sokolparktech.pl\/index.php\/wp-json\/wp\/v2\/media?parent=310"}],"wp:term":[{"taxonomy":"product_brand","embeddable":true,"href":"https:\/\/sokolparktech.pl\/index.php\/wp-json\/wp\/v2\/product_brand?post=310"},{"taxonomy":"product_cat","embeddable":true,"href":"https:\/\/sokolparktech.pl\/index.php\/wp-json\/wp\/v2\/product_cat?post=310"},{"taxonomy":"product_tag","embeddable":true,"href":"https:\/\/sokolparktech.pl\/index.php\/wp-json\/wp\/v2\/product_tag?post=310"}],"curies":[{"name":"wp","href":"https:\/\/api.w.org\/{rel}","templated":true}]}}