{"id":311,"date":"2025-10-17T18:38:08","date_gmt":"2025-10-17T16:38:08","guid":{"rendered":"https:\/\/sokolparktech.pl\/?post_type=product&#038;p=311"},"modified":"2025-10-25T13:41:01","modified_gmt":"2025-10-25T11:41:01","slug":"slupki-parkingowe-wygrodzeniowe","status":"publish","type":"product","link":"https:\/\/sokolparktech.pl\/index.php\/produkt\/slupki-parkingowe-wygrodzeniowe\/","title":{"rendered":"S\u0141UPKI PARKINGOWE NA ZAM\u00d3WIENIE"},"content":{"rendered":"<p data-start=\"239\" data-end=\"530\">S\u0142upki wygrodzeniowe to solidne elementy zabezpieczaj\u0105ce, s\u0142u\u017c\u0105ce do wydzielania i ochrony przestrzeni przed nieuprawnionym wjazdem lub dost\u0119pem. Stosowane s\u0105 zar\u00f3wno na terenach publicznych, jak i prywatnych, zapewniaj\u0105c porz\u0105dek, bezpiecze\u0144stwo i estetyczny wygl\u0105d otoczenia.<\/p>\n<p data-start=\"837\" data-end=\"891\"><strong data-start=\"594\" data-end=\"661\">S\u0142upki parkingowe na zam\u00f3wienie \u2013 dostosowane do Twoich potrzeb<\/strong><br data-start=\"661\" data-end=\"664\" \/>Produkujemy s\u0142upki parkingowe w r\u00f3\u017cnych wymiarach i wariantach wyko\u0144czenia. Ka\u017cdy model mo\u017ce by\u0107 wykonany wed\u0142ug indywidualnych parametr\u00f3w: wysoko\u015bci, \u015brednicy, rodzaju monta\u017cu i koloru.<\/p>\n<p data-start=\"837\" data-end=\"891\">W celu z\u0142o\u017cenia zam\u00f3wienia zapraszamy do kontaktu poprzez formularz kontaktowy.<\/p>\n<p data-start=\"837\" data-end=\"891\">\n","protected":false},"excerpt":{"rendered":"<p>S\u0142upki wygrodzeniowe to solidne elementy zabezpieczaj\u0105ce, s\u0142u\u017c\u0105ce do wydzielania i ochrony przestrzeni przed nieuprawnionym wjazdem lub dost\u0119pem. Stosowane s\u0105 zar\u00f3wno na terenach publicznych, jak i prywatnych, zapewniaj\u0105c porz\u0105dek, bezpiecze\u0144stwo i estetyczny wygl\u0105d otoczenia. S\u0142upki parkingowe na zam\u00f3wienie \u2013 dostosowane do Twoich potrzebProdukujemy s\u0142upki parkingowe w r\u00f3\u017cnych wymiarach i wariantach wyko\u0144czenia. Ka\u017cdy model mo\u017ce by\u0107 wykonany [&hellip;]<\/p>\n","protected":false},"featured_media":519,"comment_status":"open","ping_status":"closed","template":"","meta":[],"product_brand":[],"product_cat":[45,47],"product_tag":[],"class_list":{"0":"post-311","1":"product","2":"type-product","3":"status-publish","4":"has-post-thumbnail","6":"product_cat-slupki-parkingowe","7":"product_cat-wygrodzeniowe","9":"first","10":"instock","11":"taxable","12":"shipping-taxable","13":"product-type-simple"},"_links":{"self":[{"href":"https:\/\/sokolparktech.pl\/index.php\/wp-json\/wp\/v2\/product\/311","targetHints":{"allow":["GET"]}}],"collection":[{"href":"https:\/\/sokolparktech.pl\/index.php\/wp-json\/wp\/v2\/product"}],"about":[{"href":"https:\/\/sokolparktech.pl\/index.php\/wp-json\/wp\/v2\/types\/product"}],"replies":[{"embeddable":true,"href":"https:\/\/sokolparktech.pl\/index.php\/wp-json\/wp\/v2\/comments?post=311"}],"wp:featuredmedia":[{"embeddable":true,"href":"https:\/\/sokolparktech.pl\/index.php\/wp-json\/wp\/v2\/media\/519"}],"wp:attachment":[{"href":"https:\/\/sokolparktech.pl\/index.php\/wp-json\/wp\/v2\/media?parent=311"}],"wp:term":[{"taxonomy":"product_brand","embeddable":true,"href":"https:\/\/sokolparktech.pl\/index.php\/wp-json\/wp\/v2\/product_brand?post=311"},{"taxonomy":"product_cat","embeddable":true,"href":"https:\/\/sokolparktech.pl\/index.php\/wp-json\/wp\/v2\/product_cat?post=311"},{"taxonomy":"product_tag","embeddable":true,"href":"https:\/\/sokolparktech.pl\/index.php\/wp-json\/wp\/v2\/product_tag?post=311"}],"curies":[{"name":"wp","href":"https:\/\/api.w.org\/{rel}","templated":true}]}}