{"id":409,"date":"2025-10-24T09:47:14","date_gmt":"2025-10-24T07:47:14","guid":{"rendered":"https:\/\/sokolparktech.pl\/?post_type=product&#038;p=409"},"modified":"2026-03-12T13:15:56","modified_gmt":"2026-03-12T11:15:56","slug":"kamery-anpr","status":"publish","type":"product","link":"https:\/\/sokolparktech.pl\/index.php\/produkt\/kamery-anpr\/","title":{"rendered":"KAMERA Dahua ITC413-PW4D-IZ1 &#8211; IP 4Mpx ANPR"},"content":{"rendered":"<p data-start=\"0\" data-end=\"159\"><strong data-start=\"0\" data-end=\"15\">Kamera ANPR<\/strong> (ang. <em data-start=\"22\" data-end=\"58\">Automatic Number Plate Recognition<\/em>) to urz\u0105dzenie s\u0142u\u017c\u0105ce do <strong data-start=\"85\" data-end=\"156\">automatycznego odczytywania numer\u00f3w tablic rejestracyjnych pojazd\u00f3w<\/strong>.<\/p>\n<h3 data-start=\"161\" data-end=\"184\">Kr\u00f3tko o dzia\u0142aniu:<\/h3>\n<ul data-start=\"185\" data-end=\"503\">\n<li data-start=\"185\" data-end=\"249\">\n<p data-start=\"187\" data-end=\"249\">Kamera robi zdj\u0119cie samochodu i jego tablicy rejestracyjnej.<\/p>\n<\/li>\n<li data-start=\"250\" data-end=\"340\">\n<p data-start=\"252\" data-end=\"340\">Specjalne oprogramowanie analizuje zdj\u0119cie i <strong data-start=\"297\" data-end=\"326\">rozpoznaje cyfry i litery<\/strong> na tablicy.<\/p>\n<\/li>\n<li data-start=\"341\" data-end=\"503\">\n<p data-start=\"343\" data-end=\"503\">Odczytany numer mo\u017ce by\u0107 <strong data-start=\"368\" data-end=\"398\">sprawdzony w bazach danych<\/strong>, np. w celu wykrycia skradzionych pojazd\u00f3w, kontroli p\u0142atno\u015bci za autostrady, czy wjazdu do parking\u00f3w.<\/p>\n<\/li>\n<\/ul>\n<h3 data-start=\"505\" data-end=\"522\">G\u0142\u00f3wne cechy:<\/h3>\n<ul data-start=\"523\" data-end=\"781\">\n<li data-start=\"523\" data-end=\"593\">\n<p data-start=\"525\" data-end=\"593\">Dzia\u0142a <strong data-start=\"532\" data-end=\"565\">zar\u00f3wno w dzie\u0144, jak i w nocy<\/strong> (cz\u0119sto z podczerwieni\u0105).<\/p>\n<\/li>\n<li data-start=\"594\" data-end=\"695\">\n<p data-start=\"596\" data-end=\"695\">Mo\u017ce dzia\u0142a\u0107 <strong data-start=\"609\" data-end=\"625\">stacjonarnie<\/strong> (np. przy drogach, bramkach) lub <strong data-start=\"659\" data-end=\"671\">mobilnie<\/strong> (np. na radiowozach).<\/p>\n<\/li>\n<li data-start=\"696\" data-end=\"781\">\n<p data-start=\"698\" data-end=\"781\">Umo\u017cliwia szybkie i automatyczne monitorowanie pojazd\u00f3w bez ingerencji cz\u0142owieka.<\/p>\n<\/li>\n<\/ul>\n<p>&nbsp;<\/p>\n<div class=\"col-12\">\n<h2 class=\"first-heading\">\u00a0Kamera DAHUA LPR<\/h2>\n<\/div>\n<div class=\"col-xs-12 col-md-6 col-lg-6 col-xl-6\">\n<ul>\n<li>przetwornik: 1\/1,8&#8243; 4MP image sensor 24\/7 CMOS<\/li>\n<li>rozdzielczo\u015b\u0107:\u00a0<strong>2688&#215;1520 (4Mpx) @ 25\/30kl\/s<\/strong><\/li>\n<li>interfejs: 1x RJ45 Ethernet 10\/100\/1000Mbps PoE+ 802.3at<\/li>\n<li>kompresja: H.265\/ H.264\/ MJPEG<\/li>\n<li>czu\u0142o\u015b\u0107: 0,001lux\/F1,4, 0lux (diody IR w\u0142.)<\/li>\n<li>obiektyw:\u00a0<strong>2,7~12mm<\/strong>\u00a0(<strong>motozoom z autofocusem<\/strong>)<\/li>\n<li>o\u015bwietlacz: 4 diody IR LED 850nm (zasi\u0119g 30m \/ ANPR 10m)<\/li>\n<li>AWB, AGC, BLC, HLC, 3D NR, WDR 140dB, SSA, DDE, RoI<\/li>\n<li><strong>aktywne odstraszanie<\/strong>\u00a0&#8211; 1 dioda LED migaj\u0105ca (czerwona), 1 dioda LED migaj\u0105ca (niebieski), sygna\u0142 d\u017awi\u0119kowy (alarm)<\/li>\n<li><strong>wbudowany mikrofon i g\u0142o\u015bnik<\/strong>\u00a0(dwukierunkowa rozmowa)<\/li>\n<li>interfejs: 2x RS485,\u00a0<strong>1x Wiegand<\/strong><\/li>\n<li>wyj\u015bcia audio: 1 (RCA)<\/li>\n<li>wej\u015bcia\/wyj\u015bcia alarmowe: 2\/2<\/li>\n<li>obs\u0142uga kart microSD \/ microSDHC \/ microSDXC do 256GB<\/li>\n<li><strong>zintegrowana puszka przy\u0142\u0105czeniowa<\/strong><\/li>\n<li>obs\u0142uga: ONVIF, CGI, ITSAPI, RTSP, P2P<\/li>\n<\/ul>\n<\/div>\n<div class=\"col-xs-12 col-md-6 col-lg-6 col-xl-6\">\n<ul>\n<li><strong>funkcje AI<\/strong>: rozpoznawanie pojazd\u00f3w (typ, marka, kolor), rozpoznawanie tablic rejestracyjnych (LPR), detekcja pojazd\u00f3w bez tablicy, metadane wideo<\/li>\n<li><strong>zasi\u0119g rozpoznawania: 3 ~ 8m (maks. 80km\/h)<\/strong><\/li>\n<li>zarz\u0105dzanie baz\u0105 pojazd\u00f3w (upowa\u017cnione: do 110000 \/ zabronione: do 110000)<\/li>\n<li>pr\u0119dko\u015b\u0107 i rozdzielczo\u015b\u0107 przetwarzania:\n<ul>\n<li>25\/30 kl\/s dla 2688&#215;1520 (4Mpx)<\/li>\n<li>25\/30 kl\/s dla 1920&#215;1080 (2Mpx)<\/li>\n<\/ul>\n<\/li>\n<li>bitrate:\u00a02179Kbps ~ 13074Kbps (H.264), 2179Kbps ~ 13074Kbps\u00a0(H.265)<\/li>\n<li>podgl\u0105d obrazu:\n<ul>\n<li>Smart PSS, Cybercity, DSS Express, DSS PRO<\/li>\n<li>przegl\u0105darki internetowe:\u00a0IE, Firefox, Chrome<\/li>\n<\/ul>\n<\/li>\n<li>obudowa: klasa szczelno\u015bci (<a title=\"\" href=\"https:\/\/www.napad.pl\/artykuly\/telewizja-przemyslowa\/klasyfikacja-wodoszczelnosci-kamer-ip\" target=\"_blank\" rel=\"noopener\" data-toggle=\"tooltip\" data-placement=\"top\" data-html=\"true\" data-original-title=\"- ochrona py\u0142oszczelna;&lt;br&gt;- ochrona przed dost\u0119pem do cz\u0119\u015bci niebezpiecznych drutem;&lt;br&gt;- ochrona przed skutkami kr\u00f3tkotrwa\u0142ego zanurzenia w wodzie (30 min na g\u0142\u0119boko\u015b\u0107 0,15 m powy\u017cej wierzchu obudowy lub 1m powy\u017cej spodu dla obud\u00f3w ni\u017cszych ni\u017c 0,85m)\">IP67<\/a>), wandaloodporna (<a title=\"\" href=\"https:\/\/www.napad.pl\/artykuly\/telewizja-przemyslowa\/klasyfikacja-ik-wandaloodpornosci-kamer\" target=\"_blank\" rel=\"noopener\" data-toggle=\"tooltip\" data-placement=\"top\" data-html=\"true\" data-original-title=\"- odporno\u015b\u0107 na udar o energii 20 J (upadek obiektu o wadze 5 kg z wysoko\u015bci 40 cm)\">IK10<\/a>)<\/li>\n<li>zasilanie: 12V DC lub PoE+ 48V (802.3at)<\/li>\n<li>gwarancja: 36 miesi\u0119cy<\/li>\n<\/ul>\n<\/div>\n","protected":false},"excerpt":{"rendered":"<p>Kamera ANPR (ang. Automatic Number Plate Recognition) to urz\u0105dzenie s\u0142u\u017c\u0105ce do automatycznego odczytywania numer\u00f3w tablic rejestracyjnych pojazd\u00f3w. Kr\u00f3tko o dzia\u0142aniu: Kamera robi zdj\u0119cie samochodu i jego tablicy rejestracyjnej. Specjalne oprogramowanie analizuje zdj\u0119cie i rozpoznaje cyfry i litery na tablicy. Odczytany numer mo\u017ce by\u0107 sprawdzony w bazach danych, np. w celu wykrycia skradzionych pojazd\u00f3w, kontroli p\u0142atno\u015bci [&hellip;]<\/p>\n","protected":false},"featured_media":1669,"comment_status":"open","ping_status":"closed","template":"","meta":[],"product_brand":[],"product_cat":[62],"product_tag":[],"class_list":{"0":"post-409","1":"product","2":"type-product","3":"status-publish","4":"has-post-thumbnail","6":"product_cat-kamery-anpr","8":"first","9":"instock","10":"sale","11":"taxable","12":"shipping-taxable","13":"purchasable","14":"product-type-simple"},"_links":{"self":[{"href":"https:\/\/sokolparktech.pl\/index.php\/wp-json\/wp\/v2\/product\/409","targetHints":{"allow":["GET"]}}],"collection":[{"href":"https:\/\/sokolparktech.pl\/index.php\/wp-json\/wp\/v2\/product"}],"about":[{"href":"https:\/\/sokolparktech.pl\/index.php\/wp-json\/wp\/v2\/types\/product"}],"replies":[{"embeddable":true,"href":"https:\/\/sokolparktech.pl\/index.php\/wp-json\/wp\/v2\/comments?post=409"}],"wp:featuredmedia":[{"embeddable":true,"href":"https:\/\/sokolparktech.pl\/index.php\/wp-json\/wp\/v2\/media\/1669"}],"wp:attachment":[{"href":"https:\/\/sokolparktech.pl\/index.php\/wp-json\/wp\/v2\/media?parent=409"}],"wp:term":[{"taxonomy":"product_brand","embeddable":true,"href":"https:\/\/sokolparktech.pl\/index.php\/wp-json\/wp\/v2\/product_brand?post=409"},{"taxonomy":"product_cat","embeddable":true,"href":"https:\/\/sokolparktech.pl\/index.php\/wp-json\/wp\/v2\/product_cat?post=409"},{"taxonomy":"product_tag","embeddable":true,"href":"https:\/\/sokolparktech.pl\/index.php\/wp-json\/wp\/v2\/product_tag?post=409"}],"curies":[{"name":"wp","href":"https:\/\/api.w.org\/{rel}","templated":true}]}}