{"id":452,"date":"2025-10-25T13:12:26","date_gmt":"2025-10-25T11:12:26","guid":{"rendered":"https:\/\/sokolparktech.pl\/?post_type=product&#038;p=452"},"modified":"2026-01-03T23:24:00","modified_gmt":"2026-01-03T21:24:00","slug":"slupek-100-cm-x-o108-mm-czarno-bialy","status":"publish","type":"product","link":"https:\/\/sokolparktech.pl\/index.php\/produkt\/slupek-100-cm-x-o108-mm-czarno-bialy\/","title":{"rendered":"S\u0141UPEK 100 cm x \u00d8108 mm czarno-bia\u0142y PODSTAWA"},"content":{"rendered":"<ul>\n<li data-start=\"285\" data-end=\"394\">\n<p data-start=\"287\" data-end=\"394\"><strong data-start=\"287\" data-end=\"297\">100 cm<\/strong> \u2192 <strong data-start=\"300\" data-end=\"319\">wysoko\u015b\u0107 s\u0142upka<\/strong> \u2013 \u00a0licz\u0105c od podstawy do g\u00f3rnej kraw\u0119dzi<\/p>\n<\/li>\n<li data-start=\"395\" data-end=\"526\">\n<p data-start=\"397\" data-end=\"526\"><strong data-start=\"397\" data-end=\"408\">\u00d8108 mm<\/strong> \u2192 <strong data-start=\"411\" data-end=\"434\">\u015brednica zewn\u0119trzna<\/strong> \u2013 s\u0142upek jest <strong data-start=\"449\" data-end=\"460\">okr\u0105g\u0142y<\/strong>, \u015brednica wynosi \u00a0(czyli ok. 10,8 cm).<\/p>\n<\/li>\n<li data-start=\"527\" data-end=\"683\">\n<p data-start=\"529\" data-end=\"683\"><strong data-start=\"529\" data-end=\"545\">\u015bcianka 4 mm<\/strong> \u2192 <strong data-start=\"548\" data-end=\"572\">grubo\u015b\u0107 \u015bcianki rury wynosi<\/strong> <strong data-start=\"620\" data-end=\"637\">4 mm<\/strong>, co wp\u0142ywa na jego <strong data-start=\"657\" data-end=\"680\">wytrzyma\u0142o\u015b\u0107 i wag\u0119<\/strong>.<\/p>\n<\/li>\n<\/ul>\n<p>&nbsp;<\/p>\n<p>Podana cena jest cen\u0105 brutto, zawiera podatek VAT 23%.<\/p>\n<p>&nbsp;<\/p>\n<p>&nbsp;<\/p>\n","protected":false},"excerpt":{"rendered":"<p>100 cm \u2192 wysoko\u015b\u0107 s\u0142upka \u2013 \u00a0licz\u0105c od podstawy do g\u00f3rnej kraw\u0119dzi \u00d8108 mm \u2192 \u015brednica zewn\u0119trzna \u2013 s\u0142upek jest okr\u0105g\u0142y, \u015brednica wynosi \u00a0(czyli ok. 10,8 cm). \u015bcianka 4 mm \u2192 grubo\u015b\u0107 \u015bcianki rury wynosi 4 mm, co wp\u0142ywa na jego wytrzyma\u0142o\u015b\u0107 i wag\u0119. &nbsp; Podana cena jest cen\u0105 brutto, zawiera podatek VAT 23%. &nbsp; [&hellip;]<\/p>\n","protected":false},"featured_media":903,"comment_status":"open","ping_status":"closed","template":"","meta":[],"product_brand":[],"product_cat":[47],"product_tag":[],"class_list":{"0":"post-452","1":"product","2":"type-product","3":"status-publish","4":"has-post-thumbnail","6":"product_cat-wygrodzeniowe","8":"first","9":"instock","10":"taxable","11":"shipping-taxable","12":"purchasable","13":"product-type-simple"},"_links":{"self":[{"href":"https:\/\/sokolparktech.pl\/index.php\/wp-json\/wp\/v2\/product\/452","targetHints":{"allow":["GET"]}}],"collection":[{"href":"https:\/\/sokolparktech.pl\/index.php\/wp-json\/wp\/v2\/product"}],"about":[{"href":"https:\/\/sokolparktech.pl\/index.php\/wp-json\/wp\/v2\/types\/product"}],"replies":[{"embeddable":true,"href":"https:\/\/sokolparktech.pl\/index.php\/wp-json\/wp\/v2\/comments?post=452"}],"wp:featuredmedia":[{"embeddable":true,"href":"https:\/\/sokolparktech.pl\/index.php\/wp-json\/wp\/v2\/media\/903"}],"wp:attachment":[{"href":"https:\/\/sokolparktech.pl\/index.php\/wp-json\/wp\/v2\/media?parent=452"}],"wp:term":[{"taxonomy":"product_brand","embeddable":true,"href":"https:\/\/sokolparktech.pl\/index.php\/wp-json\/wp\/v2\/product_brand?post=452"},{"taxonomy":"product_cat","embeddable":true,"href":"https:\/\/sokolparktech.pl\/index.php\/wp-json\/wp\/v2\/product_cat?post=452"},{"taxonomy":"product_tag","embeddable":true,"href":"https:\/\/sokolparktech.pl\/index.php\/wp-json\/wp\/v2\/product_tag?post=452"}],"curies":[{"name":"wp","href":"https:\/\/api.w.org\/{rel}","templated":true}]}}