{"id":653,"date":"2025-10-28T10:27:17","date_gmt":"2025-10-28T08:27:17","guid":{"rendered":"https:\/\/sokolparktech.pl\/?post_type=product&#038;p=653"},"modified":"2026-02-02T10:34:07","modified_gmt":"2026-02-02T08:34:07","slug":"bariery","status":"publish","type":"product","link":"https:\/\/sokolparktech.pl\/index.php\/produkt\/bariery\/","title":{"rendered":"ODBOJNICA S\u0141UPOWA"},"content":{"rendered":"<p data-start=\"254\" data-end=\"623\"><strong data-start=\"254\" data-end=\"286\">Odbojnice ochronne<\/strong> to niezawodne elementy zabezpieczaj\u0105ce, stosowane w celu <strong data-start=\"344\" data-end=\"424\">ochrony \u015bcian, rega\u0142\u00f3w, maszyn, ramp, naro\u017cnik\u00f3w oraz ci\u0105g\u00f3w komunikacyjnych<\/strong> przed uszkodzeniami mechanicznymi. Wykorzystywane s\u0105 zar\u00f3wno w przestrzeniach magazynowych, przemys\u0142owych, jak i parkingowych, gdzie zapewniaj\u0105 <strong data-start=\"569\" data-end=\"620\">bezpiecze\u0144stwo ludzi, pojazd\u00f3w i infrastruktury<\/strong>.<\/p>\n<p data-start=\"1012\" data-end=\"1101\">\n","protected":false},"excerpt":{"rendered":"<p>Odbojnice ochronne to niezawodne elementy zabezpieczaj\u0105ce, stosowane w celu ochrony \u015bcian, rega\u0142\u00f3w, maszyn, ramp, naro\u017cnik\u00f3w oraz ci\u0105g\u00f3w komunikacyjnych przed uszkodzeniami mechanicznymi. Wykorzystywane s\u0105 zar\u00f3wno w przestrzeniach magazynowych, przemys\u0142owych, jak i parkingowych, gdzie zapewniaj\u0105 bezpiecze\u0144stwo ludzi, pojazd\u00f3w i infrastruktury.<\/p>\n","protected":false},"featured_media":1932,"comment_status":"open","ping_status":"closed","template":"","meta":[],"product_brand":[],"product_cat":[59],"product_tag":[],"class_list":{"0":"post-653","1":"product","2":"type-product","3":"status-publish","4":"has-post-thumbnail","6":"product_cat-odbojnice-i-bariery","8":"first","9":"instock","10":"taxable","11":"shipping-taxable","12":"purchasable","13":"product-type-simple"},"_links":{"self":[{"href":"https:\/\/sokolparktech.pl\/index.php\/wp-json\/wp\/v2\/product\/653","targetHints":{"allow":["GET"]}}],"collection":[{"href":"https:\/\/sokolparktech.pl\/index.php\/wp-json\/wp\/v2\/product"}],"about":[{"href":"https:\/\/sokolparktech.pl\/index.php\/wp-json\/wp\/v2\/types\/product"}],"replies":[{"embeddable":true,"href":"https:\/\/sokolparktech.pl\/index.php\/wp-json\/wp\/v2\/comments?post=653"}],"wp:featuredmedia":[{"embeddable":true,"href":"https:\/\/sokolparktech.pl\/index.php\/wp-json\/wp\/v2\/media\/1932"}],"wp:attachment":[{"href":"https:\/\/sokolparktech.pl\/index.php\/wp-json\/wp\/v2\/media?parent=653"}],"wp:term":[{"taxonomy":"product_brand","embeddable":true,"href":"https:\/\/sokolparktech.pl\/index.php\/wp-json\/wp\/v2\/product_brand?post=653"},{"taxonomy":"product_cat","embeddable":true,"href":"https:\/\/sokolparktech.pl\/index.php\/wp-json\/wp\/v2\/product_cat?post=653"},{"taxonomy":"product_tag","embeddable":true,"href":"https:\/\/sokolparktech.pl\/index.php\/wp-json\/wp\/v2\/product_tag?post=653"}],"curies":[{"name":"wp","href":"https:\/\/api.w.org\/{rel}","templated":true}]}}