{"id":81,"date":"2025-10-15T23:14:48","date_gmt":"2025-10-15T21:14:48","guid":{"rendered":"https:\/\/sokolparktech.pl\/?post_type=product&#038;p=81"},"modified":"2026-02-02T11:44:12","modified_gmt":"2026-02-02T09:44:12","slug":"przegrody","status":"publish","type":"product","link":"https:\/\/sokolparktech.pl\/index.php\/produkt\/przegrody\/","title":{"rendered":"SYSTEMY PARKINGOWE"},"content":{"rendered":"<div class=\"relative basis-auto flex-col -mb-(--composer-overlap-px) [--composer-overlap-px:28px] grow flex\">\n<div class=\"flex flex-col text-sm pb-25\">\n<article class=\"text-token-text-primary w-full focus:outline-none [--shadow-height:45px] has-data-writing-block:pointer-events-none has-data-writing-block:-mt-(--shadow-height) has-data-writing-block:pt-(--shadow-height) [&amp;:has([data-writing-block])&gt;*]:pointer-events-auto scroll-mt-[calc(var(--header-height)+min(200px,max(70px,20svh)))]\" dir=\"auto\" tabindex=\"-1\" data-turn-id=\"7c194916-e27f-4084-af95-186c154a380e\" data-testid=\"conversation-turn-30\" data-scroll-anchor=\"true\" data-turn=\"assistant\">\n<div class=\"text-base my-auto mx-auto pb-10 [--thread-content-margin:--spacing(4)] @w-sm\/main:[--thread-content-margin:--spacing(6)] @w-lg\/main:[--thread-content-margin:--spacing(16)] px-(--thread-content-margin)\">\n<div class=\"[--thread-content-max-width:40rem] @w-lg\/main:[--thread-content-max-width:48rem] mx-auto max-w-(--thread-content-max-width) flex-1 group\/turn-messages focus-visible:outline-hidden relative flex w-full min-w-0 flex-col agent-turn\" tabindex=\"-1\">\n<div class=\"flex max-w-full flex-col grow\">\n<div class=\"min-h-8 text-message relative flex w-full flex-col items-end gap-2 text-start break-words whitespace-normal [.text-message+&amp;]:mt-1\" dir=\"auto\" data-message-author-role=\"assistant\" data-message-id=\"94f9ba3e-1100-4e37-b24e-15ad1cd2d5ff\" data-message-model-slug=\"gpt-5-2\">\n<div class=\"flex w-full flex-col gap-1 empty:hidden first:pt-[1px]\">\n<div class=\"markdown prose dark:prose-invert w-full wrap-break-word light markdown-new-styling\">\n<h1 data-start=\"241\" data-end=\"262\">SYSTEM PARKINGOWY<\/h1>\n<h2 data-start=\"263\" data-end=\"283\">Informacje og\u00f3lne<\/h2>\n<p data-start=\"285\" data-end=\"567\">System parkingowy to zintegrowane rozwi\u0105zanie przeznaczone do automatycznego zarz\u0105dzania ruchem pojazd\u00f3w na parkingach otwartych i zamkni\u0119tych. Jego g\u0142\u00f3wnym celem jest kontrola wjazdu i wyjazdu, identyfikacja pojazd\u00f3w oraz optymalizacja wykorzystania dost\u0119pnych miejsc parkingowych.<\/p>\n<p data-start=\"569\" data-end=\"760\">Nowoczesne systemy parkingowe zwi\u0119kszaj\u0105 przepustowo\u015b\u0107 parkingu, poprawiaj\u0105 komfort u\u017cytkownik\u00f3w oraz ograniczaj\u0105 koszty obs\u0142ugi poprzez automatyzacj\u0119 proces\u00f3w i eliminacj\u0119 b\u0142\u0119d\u00f3w manualnych.<\/p>\n<hr data-start=\"762\" data-end=\"765\" \/>\n<h2 data-start=\"767\" data-end=\"794\">Zakres dzia\u0142ania systemu<\/h2>\n<ul data-start=\"796\" data-end=\"1041\">\n<li data-start=\"796\" data-end=\"846\">\n<p data-start=\"798\" data-end=\"846\">automatyczna obs\u0142uga wjazdu i wyjazdu pojazd\u00f3w<\/p>\n<\/li>\n<li data-start=\"847\" data-end=\"888\">\n<p data-start=\"849\" data-end=\"888\">identyfikacja u\u017cytkownik\u00f3w i pojazd\u00f3w<\/p>\n<\/li>\n<li data-start=\"889\" data-end=\"918\">\n<p data-start=\"891\" data-end=\"918\">rejestracja czasu postoju<\/p>\n<\/li>\n<li data-start=\"919\" data-end=\"952\">\n<p data-start=\"921\" data-end=\"952\">naliczanie op\u0142at parkingowych<\/p>\n<\/li>\n<li data-start=\"953\" data-end=\"1001\">\n<p data-start=\"955\" data-end=\"1001\">zarz\u0105dzanie dost\u0119pem i strefami parkingowymi<\/p>\n<\/li>\n<li data-start=\"1002\" data-end=\"1041\">\n<p data-start=\"1004\" data-end=\"1041\">integracja z systemami zewn\u0119trznymi<\/p>\n<\/li>\n<\/ul>\n<hr data-start=\"1043\" data-end=\"1046\" \/>\n<h2 data-start=\"1048\" data-end=\"1074\">G\u0142\u00f3wne elementy systemu<\/h2>\n<ul data-start=\"1076\" data-end=\"1320\">\n<li data-start=\"1076\" data-end=\"1109\">\n<p data-start=\"1078\" data-end=\"1109\">szlabany wjazdowe i wyjazdowe<\/p>\n<\/li>\n<li data-start=\"1110\" data-end=\"1142\">\n<p data-start=\"1112\" data-end=\"1142\">kolumny wjazdowe \/ wyjazdowe<\/p>\n<\/li>\n<li data-start=\"1143\" data-end=\"1199\">\n<p data-start=\"1145\" data-end=\"1199\">kamery rozpoznaj\u0105ce tablice rejestracyjne (ANPR\/LPR)<\/p>\n<\/li>\n<li data-start=\"1200\" data-end=\"1244\">\n<p data-start=\"1202\" data-end=\"1244\">automaty biletowe lub modu\u0142y bezbiletowe<\/p>\n<\/li>\n<li data-start=\"1245\" data-end=\"1288\">\n<p data-start=\"1247\" data-end=\"1288\">kasy automatyczne i terminale p\u0142atnicze<\/p>\n<\/li>\n<li data-start=\"1289\" data-end=\"1320\">\n<p data-start=\"1291\" data-end=\"1320\">oprogramowanie zarz\u0105dzaj\u0105ce<\/p>\n<\/li>\n<\/ul>\n<hr data-start=\"1322\" data-end=\"1325\" \/>\n<h2 data-start=\"1327\" data-end=\"1371\">Korzy\u015bci z wdro\u017cenia systemu parkingowego<\/h2>\n<ul data-start=\"1373\" data-end=\"1627\">\n<li data-start=\"1373\" data-end=\"1413\">\n<p data-start=\"1375\" data-end=\"1413\">zwi\u0119kszenie p\u0142ynno\u015bci ruchu pojazd\u00f3w<\/p>\n<\/li>\n<li data-start=\"1414\" data-end=\"1450\">\n<p data-start=\"1416\" data-end=\"1450\">skr\u00f3cenie czasu wjazdu i wyjazdu<\/p>\n<\/li>\n<li data-start=\"1451\" data-end=\"1492\">\n<p data-start=\"1453\" data-end=\"1492\">poprawa bezpiecze\u0144stwa infrastruktury<\/p>\n<\/li>\n<li data-start=\"1493\" data-end=\"1536\">\n<p data-start=\"1495\" data-end=\"1536\">pe\u0142na kontrola nad dost\u0119pem do parkingu<\/p>\n<\/li>\n<li data-start=\"1537\" data-end=\"1580\">\n<p data-start=\"1539\" data-end=\"1580\">mo\u017cliwo\u015b\u0107 analizy i raportowania danych<\/p>\n<\/li>\n<li data-start=\"1581\" data-end=\"1627\">\n<p data-start=\"1583\" data-end=\"1627\">skalowalno\u015b\u0107 i mo\u017cliwo\u015b\u0107 rozbudowy systemu<\/p>\n<\/li>\n<\/ul>\n<hr data-start=\"1629\" data-end=\"1632\" \/>\n<h2 data-start=\"1634\" data-end=\"1657\">Obszary zastosowania<\/h2>\n<ul data-start=\"1659\" data-end=\"1841\">\n<li data-start=\"1659\" data-end=\"1697\">\n<p data-start=\"1661\" data-end=\"1697\">parkingi przy obiektach handlowych<\/p>\n<\/li>\n<li data-start=\"1698\" data-end=\"1732\">\n<p data-start=\"1700\" data-end=\"1732\">biurowce i kompleksy biznesowe<\/p>\n<\/li>\n<li data-start=\"1733\" data-end=\"1770\">\n<p data-start=\"1735\" data-end=\"1770\">zak\u0142ady przemys\u0142owe i logistyczne<\/p>\n<\/li>\n<li data-start=\"1771\" data-end=\"1806\">\n<p data-start=\"1773\" data-end=\"1806\">obiekty u\u017cyteczno\u015bci publicznej<\/p>\n<\/li>\n<li data-start=\"1807\" data-end=\"1841\">\n<p data-start=\"1809\" data-end=\"1841\">parkingi osiedlowe i zamkni\u0119te<\/p>\n<\/li>\n<\/ul>\n<hr data-start=\"1843\" data-end=\"1846\" \/>\n<h2 data-start=\"1848\" data-end=\"1878\">Charakterystyka rozwi\u0105zania<\/h2>\n<p data-start=\"1880\" data-end=\"1921\">System parkingowy mo\u017ce pracowa\u0107 w trybie:<\/p>\n<ul data-start=\"1922\" data-end=\"2105\">\n<li data-start=\"1922\" data-end=\"1998\">\n<p data-start=\"1924\" data-end=\"1998\"><strong data-start=\"1924\" data-end=\"1937\">biletowym<\/strong> \u2013 z wykorzystaniem papierowych lub elektronicznych bilet\u00f3w<\/p>\n<\/li>\n<li data-start=\"1999\" data-end=\"2059\">\n<p data-start=\"2001\" data-end=\"2059\"><strong data-start=\"2001\" data-end=\"2017\">bezbiletowym<\/strong> \u2013 z automatycznym rozpoznaniem pojazd\u00f3w<\/p>\n<\/li>\n<li data-start=\"2060\" data-end=\"2105\">\n<p data-start=\"2062\" data-end=\"2105\"><strong data-start=\"2062\" data-end=\"2076\">hybrydowym<\/strong> \u2013 \u0142\u0105cz\u0105cym oba rozwi\u0105zania<\/p>\n<\/li>\n<\/ul>\n<p data-start=\"2107\" data-end=\"2206\">Konfiguracja systemu dostosowywana jest do indywidualnych potrzeb inwestora oraz specyfiki obiektu.<\/p>\n<hr data-start=\"2208\" data-end=\"2211\" \/>\n<\/div>\n<\/div>\n<\/div>\n<\/div>\n<\/div>\n<\/div>\n<\/article>\n<\/div>\n<\/div>\n<div id=\"thread-bottom-container\" class=\"sticky bottom-0 group\/thread-bottom-container relative isolate z-10 w-full basis-auto has-data-has-thread-error:pt-2 has-data-has-thread-error:[box-shadow:var(--sharp-edge-bottom-shadow)] md:border-transparent md:pt-0 dark:border-white\/20 md:dark:border-transparent print:hidden content-fade single-line flex flex-col\">\n<div id=\"thread-bottom\">\n<div class=\"text-base mx-auto [--thread-content-margin:--spacing(4)] @w-sm\/main:[--thread-content-margin:--spacing(6)] @w-lg\/main:[--thread-content-margin:--spacing(16)] px-(--thread-content-margin)\">\n<div class=\"[--thread-content-max-width:40rem] @w-lg\/main:[--thread-content-max-width:48rem] mx-auto max-w-(--thread-content-max-width) flex-1 mb-4\">\n<div class=\"pointer-events-auto relative z-1 flex h-(--composer-container-height,100%) max-w-full flex-(--composer-container-flex,1) flex-col\">\n<form class=\"group\/composer w-full\" data-type=\"unified-composer\">\n<div class=\"\">\n<div class=\"bg-token-bg-primary corner-superellipse\/1.1 cursor-text overflow-clip bg-clip-padding p-2.5 contain-inline-size motion-safe:transition-colors motion-safe:duration-200 motion-safe:ease-in-out dark:bg-[#303030] grid grid-cols-[auto_1fr_auto] [grid-template-areas:'header_header_header'_'leading_primary_trailing'_'._footer_.'] group-data-expanded\/composer:[grid-template-areas:'header_header_header'_'primary_primary_primary'_'leading_footer_trailing'] shadow-short\" data-composer-surface=\"true\">\n<div class=\"flex items-center gap-2 [grid-area:trailing]\">\n<div class=\"ms-auto flex items-center gap-1.5\">\n<div>\n<div>\n<div class=\"relative\"><\/div>\n<\/div>\n<\/div>\n<\/div>\n<\/div>\n<\/div>\n<\/div>\n<\/form>\n<\/div>\n<\/div>\n<\/div>\n<\/div>\n<\/div>\n","protected":false},"excerpt":{"rendered":"<p>SYSTEM PARKINGOWY Informacje og\u00f3lne System parkingowy to zintegrowane rozwi\u0105zanie przeznaczone do automatycznego zarz\u0105dzania ruchem pojazd\u00f3w na parkingach otwartych i zamkni\u0119tych. Jego g\u0142\u00f3wnym celem jest kontrola wjazdu i wyjazdu, identyfikacja pojazd\u00f3w oraz optymalizacja wykorzystania dost\u0119pnych miejsc parkingowych. Nowoczesne systemy parkingowe zwi\u0119kszaj\u0105 przepustowo\u015b\u0107 parkingu, poprawiaj\u0105 komfort u\u017cytkownik\u00f3w oraz ograniczaj\u0105 koszty obs\u0142ugi poprzez automatyzacj\u0119 proces\u00f3w i eliminacj\u0119 b\u0142\u0119d\u00f3w [&hellip;]<\/p>\n","protected":false},"featured_media":1938,"comment_status":"open","ping_status":"closed","template":"","meta":[],"product_brand":[],"product_cat":[27],"product_tag":[],"class_list":{"0":"post-81","1":"product","2":"type-product","3":"status-publish","4":"has-post-thumbnail","6":"product_cat-system-parkingowy","8":"first","9":"outofstock","10":"taxable","11":"shipping-taxable","12":"product-type-variable"},"_links":{"self":[{"href":"https:\/\/sokolparktech.pl\/index.php\/wp-json\/wp\/v2\/product\/81","targetHints":{"allow":["GET"]}}],"collection":[{"href":"https:\/\/sokolparktech.pl\/index.php\/wp-json\/wp\/v2\/product"}],"about":[{"href":"https:\/\/sokolparktech.pl\/index.php\/wp-json\/wp\/v2\/types\/product"}],"replies":[{"embeddable":true,"href":"https:\/\/sokolparktech.pl\/index.php\/wp-json\/wp\/v2\/comments?post=81"}],"wp:featuredmedia":[{"embeddable":true,"href":"https:\/\/sokolparktech.pl\/index.php\/wp-json\/wp\/v2\/media\/1938"}],"wp:attachment":[{"href":"https:\/\/sokolparktech.pl\/index.php\/wp-json\/wp\/v2\/media?parent=81"}],"wp:term":[{"taxonomy":"product_brand","embeddable":true,"href":"https:\/\/sokolparktech.pl\/index.php\/wp-json\/wp\/v2\/product_brand?post=81"},{"taxonomy":"product_cat","embeddable":true,"href":"https:\/\/sokolparktech.pl\/index.php\/wp-json\/wp\/v2\/product_cat?post=81"},{"taxonomy":"product_tag","embeddable":true,"href":"https:\/\/sokolparktech.pl\/index.php\/wp-json\/wp\/v2\/product_tag?post=81"}],"curies":[{"name":"wp","href":"https:\/\/api.w.org\/{rel}","templated":true}]}}