{"id":886,"date":"2026-01-03T19:12:53","date_gmt":"2026-01-03T17:12:53","guid":{"rendered":"https:\/\/sokolparktech.pl\/?post_type=product&#038;p=886"},"modified":"2026-02-11T16:53:04","modified_gmt":"2026-02-11T14:53:04","slug":"odbojnica-grafitowa","status":"publish","type":"product","link":"https:\/\/sokolparktech.pl\/index.php\/produkt\/odbojnica-grafitowa\/","title":{"rendered":"Odbojnica grafitowa + bia\u0142e odblaski \u00d8 60 mm"},"content":{"rendered":"<p data-start=\"254\" data-end=\"623\"><strong data-start=\"254\" data-end=\"286\">Odbojnice <\/strong>to niezawodne elementy zabezpieczaj\u0105ce, stosowane w celu <strong data-start=\"344\" data-end=\"424\">ochrony \u015bcian, rega\u0142\u00f3w, maszyn, ramp, naro\u017cnik\u00f3w oraz ci\u0105g\u00f3w komunikacyjnych<\/strong> przed uszkodzeniami mechanicznymi. Wykorzystywane s\u0105 zar\u00f3wno w przestrzeniach magazynowych, przemys\u0142owych, jak i parkingowych, gdzie zapewniaj\u0105 <strong data-start=\"569\" data-end=\"620\">bezpiecze\u0144stwo ludzi, pojazd\u00f3w i infrastruktury<\/strong>.<\/p>\n<p data-start=\"626\" data-end=\"654\"><strong data-start=\"626\" data-end=\"654\">Specyfikacja techniczna:<\/strong><\/p>\n<ul data-start=\"655\" data-end=\"793\">\n<li data-start=\"655\" data-end=\"672\">\n<p data-start=\"657\" data-end=\"672\">kolor: grafitowy RAL 7016<\/p>\n<\/li>\n<li data-start=\"673\" data-end=\"692\">\n<p data-start=\"675\" data-end=\"692\">odblaski: bia\u0142e<\/p>\n<\/li>\n<li data-start=\"693\" data-end=\"710\">\n<p data-start=\"695\" data-end=\"710\">rura: \u00d8 60 mm<\/p>\n<\/li>\n<li data-start=\"711\" data-end=\"738\">\n<p data-start=\"713\" data-end=\"738\">grubo\u015b\u0107 \u015bcianki: 2,6 mm<\/p>\n<\/li>\n<li data-start=\"739\" data-end=\"758\">\n<p data-start=\"741\" data-end=\"758\">wysoko\u015b\u0107: 45 cm<\/p>\n<\/li>\n<li data-start=\"759\" data-end=\"793\">\n<p data-start=\"761\" data-end=\"793\">podstawa monta\u017cowa: 12 \u00d7 12 cm<\/p>\n<\/li>\n<\/ul>\n<p data-start=\"795\" data-end=\"831\"><strong data-start=\"795\" data-end=\"831\">Dost\u0119pne warianty kolorystyczne:<\/strong><\/p>\n<ul data-start=\"832\" data-end=\"980\">\n<li data-start=\"832\" data-end=\"875\">\n<p data-start=\"834\" data-end=\"875\">grafitowy\u00a0 z bia\u0142ymi odblaskami<\/p>\n<\/li>\n<li data-start=\"876\" data-end=\"916\">\n<p data-start=\"878\" data-end=\"916\">\u017c\u00f3\u0142ty RAL 1021 z czarnymi odblaskami<\/p>\n<\/li>\n<li data-start=\"917\" data-end=\"948\">\n<p data-start=\"919\" data-end=\"948\">czarny z \u017c\u00f3\u0142tymi odblaskami<\/p>\n<\/li>\n<li data-start=\"949\" data-end=\"980\">\n<p data-start=\"951\" data-end=\"980\">czarny z bia\u0142ymi odblaskami<\/p>\n<\/li>\n<\/ul>\n","protected":false},"excerpt":{"rendered":"<p>Odbojnice to niezawodne elementy zabezpieczaj\u0105ce, stosowane w celu ochrony \u015bcian, rega\u0142\u00f3w, maszyn, ramp, naro\u017cnik\u00f3w oraz ci\u0105g\u00f3w komunikacyjnych przed uszkodzeniami mechanicznymi. Wykorzystywane s\u0105 zar\u00f3wno w przestrzeniach magazynowych, przemys\u0142owych, jak i parkingowych, gdzie zapewniaj\u0105 bezpiecze\u0144stwo ludzi, pojazd\u00f3w i infrastruktury. Specyfikacja techniczna: kolor: grafitowy RAL 7016 odblaski: bia\u0142e rura: \u00d8 60 mm grubo\u015b\u0107 \u015bcianki: 2,6 mm wysoko\u015b\u0107: 45 [&hellip;]<\/p>\n","protected":false},"featured_media":892,"comment_status":"open","ping_status":"closed","template":"","meta":[],"product_brand":[],"product_cat":[59],"product_tag":[],"class_list":{"0":"post-886","1":"product","2":"type-product","3":"status-publish","4":"has-post-thumbnail","6":"product_cat-odbojnice-i-bariery","8":"first","9":"instock","10":"taxable","11":"shipping-taxable","12":"purchasable","13":"product-type-simple"},"_links":{"self":[{"href":"https:\/\/sokolparktech.pl\/index.php\/wp-json\/wp\/v2\/product\/886","targetHints":{"allow":["GET"]}}],"collection":[{"href":"https:\/\/sokolparktech.pl\/index.php\/wp-json\/wp\/v2\/product"}],"about":[{"href":"https:\/\/sokolparktech.pl\/index.php\/wp-json\/wp\/v2\/types\/product"}],"replies":[{"embeddable":true,"href":"https:\/\/sokolparktech.pl\/index.php\/wp-json\/wp\/v2\/comments?post=886"}],"wp:featuredmedia":[{"embeddable":true,"href":"https:\/\/sokolparktech.pl\/index.php\/wp-json\/wp\/v2\/media\/892"}],"wp:attachment":[{"href":"https:\/\/sokolparktech.pl\/index.php\/wp-json\/wp\/v2\/media?parent=886"}],"wp:term":[{"taxonomy":"product_brand","embeddable":true,"href":"https:\/\/sokolparktech.pl\/index.php\/wp-json\/wp\/v2\/product_brand?post=886"},{"taxonomy":"product_cat","embeddable":true,"href":"https:\/\/sokolparktech.pl\/index.php\/wp-json\/wp\/v2\/product_cat?post=886"},{"taxonomy":"product_tag","embeddable":true,"href":"https:\/\/sokolparktech.pl\/index.php\/wp-json\/wp\/v2\/product_tag?post=886"}],"curies":[{"name":"wp","href":"https:\/\/api.w.org\/{rel}","templated":true}]}}